{"id":1434,"date":"2025-12-19T22:55:24","date_gmt":"2025-12-19T22:55:24","guid":{"rendered":"https:\/\/fundacjawzc.pl\/?page_id=1434"},"modified":"2026-02-19T12:09:53","modified_gmt":"2026-02-19T12:09:53","slug":"wsparcie","status":"publish","type":"page","link":"https:\/\/fundacjawzc.pl\/en\/wsparcie\/","title":{"rendered":"Wsparcie"},"content":{"rendered":"<div data-elementor-type=\"wp-page\" data-elementor-id=\"1434\" class=\"elementor elementor-1434\">\n\t\t\t\t<div class=\"elementor-element elementor-element-706cd5b e-flex e-con-boxed e-con e-parent\" data-id=\"706cd5b\" data-element_type=\"container\" data-e-type=\"container\" data-settings=\"{&quot;background_background&quot;:&quot;classic&quot;}\">\n\t\t\t\t\t<div class=\"e-con-inner\">\n\t\t<div class=\"elementor-element elementor-element-f375623 e-con-full e-flex e-con e-child\" data-id=\"f375623\" data-element_type=\"container\" data-e-type=\"container\">\n\t\t\t\t<div class=\"elementor-element elementor-element-a7ced84 elementor-widget elementor-widget-heading\" data-id=\"a7ced84\" data-element_type=\"widget\" data-e-type=\"widget\" data-widget_type=\"heading.default\">\n\t\t\t\t<div class=\"elementor-widget-container\">\n\t\t\t\t\t<h1 class=\"elementor-heading-title elementor-size-default\">Support Us<\/h1>\t\t\t\t<\/div>\n\t\t\t\t<\/div>\n\t\t\t\t<\/div>\n\t\t\t\t\t<\/div>\n\t\t\t\t<\/div>\n\t\t<div class=\"elementor-element elementor-element-480c836 e-flex e-con-boxed e-con e-parent\" data-id=\"480c836\" data-element_type=\"container\" data-e-type=\"container\">\n\t\t\t\t\t<div class=\"e-con-inner\">\n\t\t<div class=\"elementor-element elementor-element-aa038f9 e-con-full e-flex e-con e-child\" data-id=\"aa038f9\" data-element_type=\"container\" data-e-type=\"container\">\n\t\t\t\t<div class=\"elementor-element elementor-element-7ced8e3 navy-tekst elementor-widget elementor-widget-hfe-infocard\" data-id=\"7ced8e3\" data-element_type=\"widget\" data-e-type=\"widget\" data-widget_type=\"hfe-infocard.default\">\n\t\t\t\t<div class=\"elementor-widget-container\">\n\t\t\t\t\t\n\t\t<div class=\"hfe-infocard\">\n\t\t\t\t\t\t\t\t\t<div class=\"hfe-infocard-text-wrap\">\n\t\t\t\t<div class=\"hfe-infocard-text elementor-inline-editing\" data-elementor-setting-key=\"infocard_description\" data-elementor-inline-editing-toolbar=\"advanced\">\n\t\t\t\t\t<h2><span style=\"font-size: 16px;font-style: inherit;font-weight: inherit;, sans-serif\">Every donation helps us to support people in crisis. Select the area you would like to support:<\/span><\/h2>\n<h3><img decoding=\"async\" role=\"img\" class=\"emoji\" alt=\"\ud83e\udd1d\" src=\"https:\/\/s.w.org\/images\/core\/emoji\/17.0.2\/svg\/1f91d.svg\"> Therapy and workshops<\/h3>\n<p>Support for statutory activities in the field of therapy and workshops.<\/p>\n<p style=\"font-size: 18px;font-weight: bold;color: #404040\">\n18 1020 1811 0000 0102 0487 5516<br><span style=\"font-weight: normal;font-size: 14px\">Bank: PKO BP<\/span><br><span style=\"font-weight: normal;font-size: 14px\">Title: Donation for statutory purposes<\/span>\n<\/p>\n<h3><img decoding=\"async\" role=\"img\" class=\"emoji\" alt=\"\ud83d\udcda\" src=\"https:\/\/s.w.org\/images\/core\/emoji\/17.0.2\/svg\/1f4da.svg\"> Publishing activities<\/h3>\n<p>Support for the publication of books and educational materials.<\/p>\n<p style=\"font-size: 18px;font-weight: bold;color: #404040\">\n47 1020 1811 0000 0802 0487 5524<br><span style=\"font-weight: normal;font-size: 14px\">Bank: PKO BP<\/span><br><span style=\"font-weight: normal;font-size: 14px\">Title: Donation for publishing activities<\/span>\n<\/p>\n<h3><img decoding=\"async\" role=\"img\" class=\"emoji\" alt=\"\ud83c\udfdb\ufe0f\" src=\"https:\/\/s.w.org\/images\/core\/emoji\/17.0.2\/svg\/1f3db.svg\">  Construction<\/h3>\n<p>Wsparcie projektu Budowy.<\/p>\n<p style=\"font-size: 18px;font-weight: bold;color: #404040\">\n52 1020 1811 0000 0602 0487 5532<br><span style=\"font-weight: normal;font-size: 14px\">Bank: PKO BP<\/span><br><span style=\"font-weight: normal;font-size: 14px\">Title: Donation for the Construction Project<\/span><\/p>\t\t\t\t<\/div>\n\t\t\t\t\t\t\t<\/div>\n\t\t<\/div>\n\n\t\t\t\t\t\t<\/div>\n\t\t\t\t<\/div>\n\t\t\t\t<\/div>\n\t\t\t\t\t<\/div>\n\t\t\t\t<\/div>\n\t\t\t\t<\/div>","protected":false},"excerpt":{"rendered":"<p>Wesprzyj Nas Ka\u017cda wp\u0142ata pomaga nam dzia\u0142a\u0107 na rzecz os\u00f3b w kryzysie. Wybierz obszar, kt\u00f3ry chcesz wesprze\u0107: Terapia i warsztaty Wsparcie dzia\u0142a\u0144 statutowych w zakresie terapii i warsztat\u00f3w. 18 1020 1811 0000 0102 0487 5516Bank: PKO BPTytu\u0142: Darowizna na cele statutowe Dzia\u0142alno\u015b\u0107 wydawnicza Wsparcie publikacji ksi\u0105\u017cek i materia\u0142\u00f3w edukacyjnych. 47 1020 1811 0000 0802 0487 [&hellip;]<\/p>\n","protected":false},"author":1,"featured_media":0,"parent":0,"menu_order":0,"comment_status":"closed","ping_status":"closed","template":"","meta":{"site-sidebar-layout":"no-sidebar","site-content-layout":"page-builder","ast-site-content-layout":"full-width-container","site-content-style":"default","site-sidebar-style":"default","ast-global-header-display":"","ast-banner-title-visibility":"","ast-main-header-display":"","ast-hfb-above-header-display":"","ast-hfb-below-header-display":"","ast-hfb-mobile-header-display":"","site-post-title":"disabled","ast-breadcrumbs-content":"","ast-featured-img":"disabled","footer-sml-layout":"","ast-disable-related-posts":"","theme-transparent-header-meta":"","adv-header-id-meta":"","stick-header-meta":"","header-above-stick-meta":"","header-main-stick-meta":"","header-below-stick-meta":"","astra-migrate-meta-layouts":"set","ast-page-background-enabled":"default","ast-page-background-meta":{"desktop":{"background-color":"","background-image":"","background-repeat":"repeat","background-position":"center center","background-size":"auto","background-attachment":"scroll","background-type":"","background-media":"","overlay-type":"","overlay-color":"","overlay-opacity":"","overlay-gradient":""},"tablet":{"background-color":"","background-image":"","background-repeat":"repeat","background-position":"center center","background-size":"auto","background-attachment":"scroll","background-type":"","background-media":"","overlay-type":"","overlay-color":"","overlay-opacity":"","overlay-gradient":""},"mobile":{"background-color":"","background-image":"","background-repeat":"repeat","background-position":"center center","background-size":"auto","background-attachment":"scroll","background-type":"","background-media":"","overlay-type":"","overlay-color":"","overlay-opacity":"","overlay-gradient":""}},"ast-content-background-meta":{"desktop":{"background-color":"var(--ast-global-color-5)","background-image":"","background-repeat":"repeat","background-position":"center center","background-size":"auto","background-attachment":"scroll","background-type":"","background-media":"","overlay-type":"","overlay-color":"","overlay-opacity":"","overlay-gradient":""},"tablet":{"background-color":"var(--ast-global-color-5)","background-image":"","background-repeat":"repeat","background-position":"center center","background-size":"auto","background-attachment":"scroll","background-type":"","background-media":"","overlay-type":"","overlay-color":"","overlay-opacity":"","overlay-gradient":""},"mobile":{"background-color":"var(--ast-global-color-5)","background-image":"","background-repeat":"repeat","background-position":"center center","background-size":"auto","background-attachment":"scroll","background-type":"","background-media":"","overlay-type":"","overlay-color":"","overlay-opacity":"","overlay-gradient":""}},"footnotes":""},"class_list":["post-1434","page","type-page","status-publish","hentry"],"_links":{"self":[{"href":"https:\/\/fundacjawzc.pl\/en\/wp-json\/wp\/v2\/pages\/1434","targetHints":{"allow":["GET"]}}],"collection":[{"href":"https:\/\/fundacjawzc.pl\/en\/wp-json\/wp\/v2\/pages"}],"about":[{"href":"https:\/\/fundacjawzc.pl\/en\/wp-json\/wp\/v2\/types\/page"}],"author":[{"embeddable":true,"href":"https:\/\/fundacjawzc.pl\/en\/wp-json\/wp\/v2\/users\/1"}],"replies":[{"embeddable":true,"href":"https:\/\/fundacjawzc.pl\/en\/wp-json\/wp\/v2\/comments?post=1434"}],"version-history":[{"count":47,"href":"https:\/\/fundacjawzc.pl\/en\/wp-json\/wp\/v2\/pages\/1434\/revisions"}],"predecessor-version":[{"id":3369,"href":"https:\/\/fundacjawzc.pl\/en\/wp-json\/wp\/v2\/pages\/1434\/revisions\/3369"}],"wp:attachment":[{"href":"https:\/\/fundacjawzc.pl\/en\/wp-json\/wp\/v2\/media?parent=1434"}],"curies":[{"name":"wp","href":"https:\/\/api.w.org\/{rel}","templated":true}]}}