{"id":2868,"date":"2026-01-09T17:28:51","date_gmt":"2026-01-09T17:28:51","guid":{"rendered":"https:\/\/fundacjawzc.pl\/?page_id=2868"},"modified":"2026-01-13T11:08:18","modified_gmt":"2026-01-13T11:08:18","slug":"cien-ktory-mowi","status":"publish","type":"page","link":"https:\/\/fundacjawzc.pl\/en\/ksiazki\/cien-ktory-mowi\/","title":{"rendered":"Cie\u0144, kt\u00f3ry m\u00f3wi"},"content":{"rendered":"<div data-elementor-type=\"wp-page\" data-elementor-id=\"2868\" class=\"elementor elementor-2868\">\n\t\t\t\t<div class=\"elementor-element elementor-element-075f230 e-flex e-con-boxed e-con e-parent\" data-id=\"075f230\" data-element_type=\"container\" data-e-type=\"container\">\n\t\t\t\t\t<div class=\"e-con-inner\">\n\t\t\t\t<div class=\"elementor-element elementor-element-2fc1998 elementor-widget elementor-widget-heading\" data-id=\"2fc1998\" data-element_type=\"widget\" data-e-type=\"widget\" data-widget_type=\"heading.default\">\n\t\t\t\t<div class=\"elementor-widget-container\">\n\t\t\t\t\t<h3 class=\"elementor-heading-title elementor-size-default\">\u2018The Shadow That Speaks\u2019<\/h3>\t\t\t\t<\/div>\n\t\t\t\t<\/div>\n\t\t\t\t<div class=\"elementor-element elementor-element-5c35d08 elementor-widget-divider--view-line elementor-widget elementor-widget-divider\" data-id=\"5c35d08\" data-element_type=\"widget\" data-e-type=\"widget\" data-widget_type=\"divider.default\">\n\t\t\t\t<div class=\"elementor-widget-container\">\n\t\t\t\t\t\t\t<div class=\"elementor-divider\">\n\t\t\t<span class=\"elementor-divider-separator\">\n\t\t\t\t\t\t<\/span>\n\t\t<\/div>\n\t\t\t\t\t\t<\/div>\n\t\t\t\t<\/div>\n\t\t\t\t<div class=\"elementor-element elementor-element-0e69159 elementor-widget__width-initial navy-tekst elementor-widget elementor-widget-text-editor\" data-id=\"0e69159\" data-element_type=\"widget\" data-e-type=\"widget\" data-widget_type=\"text-editor.default\">\n\t\t\t\t<div class=\"elementor-widget-container\">\n\t\t\t\t\t\t\t\t\t<p><em>A book about what is hidden, repressed and unsaid in human beings \u2014 and what most often speaks through dreams.<\/em><\/p><p>The author presents dreams as the language of the psyche, reflecting experiences of relationships \u2014 good moments and psychological violence, fear and loss of identity.<\/p><p>The publication combines personal reflections with an analysis of dreams \u2014 both the author's own and those recounted by people encountered at the Foundation. It is a record of the moment of realisation, when the shadow begins to speak, demanding attention and understanding.<\/p><blockquote style=\"border-left: 4px solid #FFD700; padding-left: 20px; margin: 30px 0; font-style: italic; font-size: 18px; color: #404040;\"><p>A book about awareness.<br \/>About the first sign that something is calling out within us \u2014 before we can even name it.<\/p><\/blockquote><p><strong>Dream analysis is conducted based on C. G. Jung's depth psychology.<\/strong><\/p>\t\t\t\t\t\t\t\t<\/div>\n\t\t\t\t<\/div>\n\t\t\t\t\t<\/div>\n\t\t\t\t<\/div>\n\t\t\t\t<\/div>","protected":false},"excerpt":{"rendered":"<p>\u201eCie\u0144, kt\u00f3ry m\u00f3wi&#8221; Ksi\u0105\u017cka o tym, co w cz\u0142owieku ukryte, wyparte i niewypowiedziane \u2014 a co najcz\u0119\u015bciej przemawia poprzez sny. Autor pokazuje sny jako j\u0119zyk psychiki, w kt\u00f3rym odbijaj\u0105 si\u0119 do\u015bwiadczenia relacji \u2014 chwile dobre i przemoc psychiczna, l\u0119k i utrata to\u017csamo\u015bci. Publikacja \u0142\u0105czy osobiste refleksje z analiz\u0105 sn\u00f3w \u2014 zar\u00f3wno w\u0142asnych, jak i tych [&hellip;]<\/p>\n","protected":false},"author":1,"featured_media":0,"parent":544,"menu_order":0,"comment_status":"closed","ping_status":"closed","template":"","meta":{"site-sidebar-layout":"no-sidebar","site-content-layout":"page-builder","ast-site-content-layout":"full-width-container","site-content-style":"default","site-sidebar-style":"default","ast-global-header-display":"","ast-banner-title-visibility":"","ast-main-header-display":"","ast-hfb-above-header-display":"","ast-hfb-below-header-display":"","ast-hfb-mobile-header-display":"","site-post-title":"disabled","ast-breadcrumbs-content":"","ast-featured-img":"disabled","footer-sml-layout":"","ast-disable-related-posts":"","theme-transparent-header-meta":"","adv-header-id-meta":"","stick-header-meta":"","header-above-stick-meta":"","header-main-stick-meta":"","header-below-stick-meta":"","astra-migrate-meta-layouts":"set","ast-page-background-enabled":"default","ast-page-background-meta":{"desktop":{"background-color":"","background-image":"","background-repeat":"repeat","background-position":"center center","background-size":"auto","background-attachment":"scroll","background-type":"","background-media":"","overlay-type":"","overlay-color":"","overlay-opacity":"","overlay-gradient":""},"tablet":{"background-color":"","background-image":"","background-repeat":"repeat","background-position":"center center","background-size":"auto","background-attachment":"scroll","background-type":"","background-media":"","overlay-type":"","overlay-color":"","overlay-opacity":"","overlay-gradient":""},"mobile":{"background-color":"","background-image":"","background-repeat":"repeat","background-position":"center center","background-size":"auto","background-attachment":"scroll","background-type":"","background-media":"","overlay-type":"","overlay-color":"","overlay-opacity":"","overlay-gradient":""}},"ast-content-background-meta":{"desktop":{"background-color":"var(--ast-global-color-5)","background-image":"","background-repeat":"repeat","background-position":"center center","background-size":"auto","background-attachment":"scroll","background-type":"","background-media":"","overlay-type":"","overlay-color":"","overlay-opacity":"","overlay-gradient":""},"tablet":{"background-color":"var(--ast-global-color-5)","background-image":"","background-repeat":"repeat","background-position":"center center","background-size":"auto","background-attachment":"scroll","background-type":"","background-media":"","overlay-type":"","overlay-color":"","overlay-opacity":"","overlay-gradient":""},"mobile":{"background-color":"var(--ast-global-color-5)","background-image":"","background-repeat":"repeat","background-position":"center center","background-size":"auto","background-attachment":"scroll","background-type":"","background-media":"","overlay-type":"","overlay-color":"","overlay-opacity":"","overlay-gradient":""}},"footnotes":""},"class_list":["post-2868","page","type-page","status-publish","hentry"],"_links":{"self":[{"href":"https:\/\/fundacjawzc.pl\/en\/wp-json\/wp\/v2\/pages\/2868","targetHints":{"allow":["GET"]}}],"collection":[{"href":"https:\/\/fundacjawzc.pl\/en\/wp-json\/wp\/v2\/pages"}],"about":[{"href":"https:\/\/fundacjawzc.pl\/en\/wp-json\/wp\/v2\/types\/page"}],"author":[{"embeddable":true,"href":"https:\/\/fundacjawzc.pl\/en\/wp-json\/wp\/v2\/users\/1"}],"replies":[{"embeddable":true,"href":"https:\/\/fundacjawzc.pl\/en\/wp-json\/wp\/v2\/comments?post=2868"}],"version-history":[{"count":8,"href":"https:\/\/fundacjawzc.pl\/en\/wp-json\/wp\/v2\/pages\/2868\/revisions"}],"predecessor-version":[{"id":3245,"href":"https:\/\/fundacjawzc.pl\/en\/wp-json\/wp\/v2\/pages\/2868\/revisions\/3245"}],"up":[{"embeddable":true,"href":"https:\/\/fundacjawzc.pl\/en\/wp-json\/wp\/v2\/pages\/544"}],"wp:attachment":[{"href":"https:\/\/fundacjawzc.pl\/en\/wp-json\/wp\/v2\/media?parent=2868"}],"curies":[{"name":"wp","href":"https:\/\/api.w.org\/{rel}","templated":true}]}}