{"id":2960,"date":"2026-01-10T11:39:14","date_gmt":"2026-01-10T11:39:14","guid":{"rendered":"https:\/\/fundacjawzc.pl\/?page_id=2960"},"modified":"2026-01-13T11:08:59","modified_gmt":"2026-01-13T11:08:59","slug":"ojciec-pio-i-jung","status":"publish","type":"page","link":"https:\/\/fundacjawzc.pl\/en\/ksiazki\/ojciec-pio-i-jung\/","title":{"rendered":"Ojciec Pio i Carl Gustaw Jung &#8211; jeden \u015bwiat dwa r\u00f3\u017cne alfabety"},"content":{"rendered":"<div data-elementor-type=\"wp-page\" data-elementor-id=\"2960\" class=\"elementor elementor-2960\">\n\t\t\t\t<div class=\"elementor-element elementor-element-a8c92d0 e-flex e-con-boxed e-con e-parent\" data-id=\"a8c92d0\" data-element_type=\"container\" data-e-type=\"container\">\n\t\t\t\t\t<div class=\"e-con-inner\">\n\t\t\t\t<div class=\"elementor-element elementor-element-17bb0fb elementor-widget elementor-widget-heading\" data-id=\"17bb0fb\" data-element_type=\"widget\" data-e-type=\"widget\" data-widget_type=\"heading.default\">\n\t\t\t\t<div class=\"elementor-widget-container\">\n\t\t\t\t\t<h3 class=\"elementor-heading-title elementor-size-default\">\u201eOjciec Pio i Carl Gustaw Jung - jeden \u015bwiat dwa r\u00f3\u017cne alfabety\"<\/h3>\t\t\t\t<\/div>\n\t\t\t\t<\/div>\n\t\t\t\t<div class=\"elementor-element elementor-element-0392fd2 elementor-widget-divider--view-line elementor-widget elementor-widget-divider\" data-id=\"0392fd2\" data-element_type=\"widget\" data-e-type=\"widget\" data-widget_type=\"divider.default\">\n\t\t\t\t<div class=\"elementor-widget-container\">\n\t\t\t\t\t\t\t<div class=\"elementor-divider\">\n\t\t\t<span class=\"elementor-divider-separator\">\n\t\t\t\t\t\t<\/span>\n\t\t<\/div>\n\t\t\t\t\t\t<\/div>\n\t\t\t\t<\/div>\n\t\t\t\t<div class=\"elementor-element elementor-element-94b1c02 elementor-widget__width-initial navy-tekst elementor-widget elementor-widget-text-editor\" data-id=\"94b1c02\" data-element_type=\"widget\" data-e-type=\"widget\" data-widget_type=\"text-editor.default\">\n\t\t\t\t<div class=\"elementor-widget-container\">\n\t\t\t\t\t\t\t\t\t<p><em>W historii my\u015bli ludzkiej rzadko spotykaj\u0105 si\u0119 ze sob\u0105: mistyka i psychologia g\u0142\u0119bi.<\/em><\/p>\n\n<p>Nadchodz\u0105ca publikacja Fundacji Wyj\u015b\u0107 z Ciemno\u015bci podejmuje pr\u00f3b\u0119 niezwyk\u0142ego zestawienia dw\u00f3ch postaci, kt\u00f3re na r\u00f3\u017cne sposoby dotyka\u0142y tajemnicy ludzkiego cierpienia.<\/p>\n\n<p><strong>Ojciec Pio<\/strong>, jako mistyk i \u015bwiadek g\u0142\u0119bokiego b\u00f3lu fizycznego oraz duchowego, przez ca\u0142e \u017cycie mierzy\u0142 si\u0119 z cierpieniem jako drog\u0105 przemiany.<\/p>\n\n<p><strong>Carl Gustav Jung<\/strong>, tw\u00f3rca psychologii analitycznej, opisywa\u0142 cie\u0144, sny i nie\u015bwiadomo\u015b\u0107 jako przestrzenie, w kt\u00f3rych cz\u0142owiek spotyka w\u0142asn\u0105 prawd\u0119, w kt\u00f3rych poznaje swoje cierpienie, jego fundament i rozpoczyna drog\u0119 przemiany.<\/p>\n\n<blockquote style=\"border-left: 4px solid #FFD700; padding-left: 20px; margin: 30px 0; font-style: italic; font-size: 18px; color: #404040;\">\n  To nie jest ksi\u0105\u017cka o sporze mi\u0119dzy wiar\u0105 a nauk\u0105.<br>\n  To publikacja o cz\u0142owieku poszukuj\u0105cym sensu w do\u015bwiadczeniu b\u00f3lu, l\u0119ku i nie\u015bwiadomo\u015bci konsekwencji wybor\u00f3w.\n<\/blockquote>\n\n<h3 style=\"margin-top: 40px;\">Publikacja stawia pytania:<\/h3>\n\n<p>Czym jest cierpienie i jaki ma sens? Czy ciemno\u015b\u0107 duchowa i psychiczna zawsze oznacza chorob\u0119? W jaki spos\u00f3b sny, symbole i do\u015bwiadczenia graniczne mog\u0105 prowadzi\u0107 do integracji i uzdrowienia? Gdzie przebiega granica mi\u0119dzy do\u015bwiadczeniem duchowym a procesem psychicznym?<\/p>\n\n<p>Ksi\u0105\u017cka nie da prostych odpowiedzi. Zamiast tego zaprosi do refleksji nad drog\u0105 do \u015bwiat\u0142a, kt\u00f3ra cz\u0119sto prowadzi przez cie\u0144, a uzdrowienie \u2014 zar\u00f3wno duchowe, jak i psychiczne \u2014 wymaga odwagi, uwa\u017cno\u015bci i empatii wobec samego siebie.<\/p>\n\n<h3 style=\"margin-top: 40px;\">To publikacja dla:<\/h3>\n\n<p>Os\u00f3b poszukuj\u0105cych sensu po do\u015bwiadczeniu cierpienia, ludzi zainteresowanych psychologi\u0105 g\u0142\u0119bi i duchowo\u015bci\u0105, tych, kt\u00f3rzy chc\u0105 zrozumie\u0107 siebie poza prostymi etykietami.<\/p>\n\n<blockquote style=\"border-left: 4px solid #FFD700; padding-left: 20px; margin: 30px 0; font-style: italic; font-size: 18px; color: #404040;\">\n  Zaproszenie do dialogu mi\u0119dzy duchowo\u015bci\u0105 a psychologi\u0105 \u2014 w przestrze\u0144, w kt\u00f3rej zaczyna si\u0119 prawdziwe spotkanie cz\u0142owieka z samym sob\u0105.<br><br>\n  By\u0107 mo\u017ce owa publikacja poka\u017ce nam sp\u00f3jno\u015b\u0107 dw\u00f3ch r\u00f3\u017cnych alfabet\u00f3w opisuj\u0105cych ten sam \u015bwiat wewn\u0119trzny ka\u017cdego z nas.\n<\/blockquote>\t\t\t\t\t\t\t\t<\/div>\n\t\t\t\t<\/div>\n\t\t\t\t\t<\/div>\n\t\t\t\t<\/div>\n\t\t\t\t<\/div>","protected":false},"excerpt":{"rendered":"<p>\u201eOjciec Pio i Carl Gustaw Jung &#8211; jeden \u015bwiat dwa r\u00f3\u017cne alfabety&#8221; W historii my\u015bli ludzkiej rzadko spotykaj\u0105 si\u0119 ze sob\u0105: mistyka i psychologia g\u0142\u0119bi. Nadchodz\u0105ca publikacja Fundacji Wyj\u015b\u0107 z Ciemno\u015bci podejmuje pr\u00f3b\u0119 niezwyk\u0142ego zestawienia dw\u00f3ch postaci, kt\u00f3re na r\u00f3\u017cne sposoby dotyka\u0142y tajemnicy ludzkiego cierpienia. Ojciec Pio, jako mistyk i \u015bwiadek g\u0142\u0119bokiego b\u00f3lu fizycznego oraz [&hellip;]<\/p>\n","protected":false},"author":1,"featured_media":0,"parent":544,"menu_order":0,"comment_status":"closed","ping_status":"closed","template":"","meta":{"site-sidebar-layout":"no-sidebar","site-content-layout":"page-builder","ast-site-content-layout":"full-width-container","site-content-style":"unboxed","site-sidebar-style":"unboxed","ast-global-header-display":"","ast-banner-title-visibility":"","ast-main-header-display":"","ast-hfb-above-header-display":"","ast-hfb-below-header-display":"","ast-hfb-mobile-header-display":"","site-post-title":"disabled","ast-breadcrumbs-content":"","ast-featured-img":"disabled","footer-sml-layout":"","ast-disable-related-posts":"","theme-transparent-header-meta":"","adv-header-id-meta":"","stick-header-meta":"","header-above-stick-meta":"","header-main-stick-meta":"","header-below-stick-meta":"","astra-migrate-meta-layouts":"set","ast-page-background-enabled":"default","ast-page-background-meta":{"desktop":{"background-color":"","background-image":"","background-repeat":"repeat","background-position":"center center","background-size":"auto","background-attachment":"scroll","background-type":"","background-media":"","overlay-type":"","overlay-color":"","overlay-opacity":"","overlay-gradient":""},"tablet":{"background-color":"","background-image":"","background-repeat":"repeat","background-position":"center center","background-size":"auto","background-attachment":"scroll","background-type":"","background-media":"","overlay-type":"","overlay-color":"","overlay-opacity":"","overlay-gradient":""},"mobile":{"background-color":"","background-image":"","background-repeat":"repeat","background-position":"center center","background-size":"auto","background-attachment":"scroll","background-type":"","background-media":"","overlay-type":"","overlay-color":"","overlay-opacity":"","overlay-gradient":""}},"ast-content-background-meta":{"desktop":{"background-color":"var(--ast-global-color-5)","background-image":"","background-repeat":"repeat","background-position":"center center","background-size":"auto","background-attachment":"scroll","background-type":"","background-media":"","overlay-type":"","overlay-color":"","overlay-opacity":"","overlay-gradient":""},"tablet":{"background-color":"var(--ast-global-color-5)","background-image":"","background-repeat":"repeat","background-position":"center center","background-size":"auto","background-attachment":"scroll","background-type":"","background-media":"","overlay-type":"","overlay-color":"","overlay-opacity":"","overlay-gradient":""},"mobile":{"background-color":"var(--ast-global-color-5)","background-image":"","background-repeat":"repeat","background-position":"center center","background-size":"auto","background-attachment":"scroll","background-type":"","background-media":"","overlay-type":"","overlay-color":"","overlay-opacity":"","overlay-gradient":""}},"footnotes":""},"class_list":["post-2960","page","type-page","status-publish","hentry"],"_links":{"self":[{"href":"https:\/\/fundacjawzc.pl\/en\/wp-json\/wp\/v2\/pages\/2960","targetHints":{"allow":["GET"]}}],"collection":[{"href":"https:\/\/fundacjawzc.pl\/en\/wp-json\/wp\/v2\/pages"}],"about":[{"href":"https:\/\/fundacjawzc.pl\/en\/wp-json\/wp\/v2\/types\/page"}],"author":[{"embeddable":true,"href":"https:\/\/fundacjawzc.pl\/en\/wp-json\/wp\/v2\/users\/1"}],"replies":[{"embeddable":true,"href":"https:\/\/fundacjawzc.pl\/en\/wp-json\/wp\/v2\/comments?post=2960"}],"version-history":[{"count":8,"href":"https:\/\/fundacjawzc.pl\/en\/wp-json\/wp\/v2\/pages\/2960\/revisions"}],"predecessor-version":[{"id":3251,"href":"https:\/\/fundacjawzc.pl\/en\/wp-json\/wp\/v2\/pages\/2960\/revisions\/3251"}],"up":[{"embeddable":true,"href":"https:\/\/fundacjawzc.pl\/en\/wp-json\/wp\/v2\/pages\/544"}],"wp:attachment":[{"href":"https:\/\/fundacjawzc.pl\/en\/wp-json\/wp\/v2\/media?parent=2960"}],"curies":[{"name":"wp","href":"https:\/\/api.w.org\/{rel}","templated":true}]}}