{"id":2981,"date":"2026-01-11T11:04:39","date_gmt":"2026-01-11T11:04:39","guid":{"rendered":"https:\/\/fundacjawzc.pl\/?page_id=2981"},"modified":"2026-04-22T20:54:21","modified_gmt":"2026-04-22T20:54:21","slug":"artykuly","status":"publish","type":"page","link":"https:\/\/fundacjawzc.pl\/en\/artykuly\/","title":{"rendered":"Articles"},"content":{"rendered":"<div data-elementor-type=\"wp-page\" data-elementor-id=\"2981\" class=\"elementor elementor-2981\">\n\t\t\t\t<div class=\"elementor-element elementor-element-4f26d6f full-width-section e-flex e-con-boxed e-con e-parent\" data-id=\"4f26d6f\" data-element_type=\"container\" data-e-type=\"container\" id=\"full-width-section\" data-settings=\"{&quot;background_background&quot;:&quot;classic&quot;}\">\n\t\t\t\t\t<div class=\"e-con-inner\">\n\t\t<div class=\"elementor-element elementor-element-4714db3 e-con-full e-flex e-con e-child\" data-id=\"4714db3\" data-element_type=\"container\" data-e-type=\"container\">\n\t\t\t\t<div class=\"elementor-element elementor-element-f39349f elementor-widget elementor-widget-heading\" data-id=\"f39349f\" data-element_type=\"widget\" data-e-type=\"widget\" data-widget_type=\"heading.default\">\n\t\t\t\t<div class=\"elementor-widget-container\">\n\t\t\t\t\t<h1 class=\"elementor-heading-title elementor-size-default\">Articles<\/h1>\t\t\t\t<\/div>\n\t\t\t\t<\/div>\n\t\t\t\t<\/div>\n\t\t\t\t\t<\/div>\n\t\t\t\t<\/div>\n\t\t<div class=\"elementor-element elementor-element-945ca2e e-grid e-con-boxed e-con e-parent\" data-id=\"945ca2e\" data-element_type=\"container\" data-e-type=\"container\">\n\t\t\t\t\t<div class=\"e-con-inner\">\n\t\t\t\t<div class=\"elementor-element elementor-element-938ab6d elementor-widget elementor-widget-image\" data-id=\"938ab6d\" data-element_type=\"widget\" data-e-type=\"widget\" data-widget_type=\"image.default\">\n\t\t\t\t<div class=\"elementor-widget-container\">\n\t\t\t\t\t\t\t\t\t\t\t\t\t\t\t\t<a href=\"https:\/\/fundacjawzc.pl\/wp-content\/uploads\/2026\/04\/Milosc-vs-dopamina-.pdf\" target=\"_blank\">\n\t\t\t\t\t\t\t<img fetchpriority=\"high\" decoding=\"async\" width=\"1024\" height=\"1536\" src=\"https:\/\/fundacjawzc.pl\/wp-content\/uploads\/2026\/04\/miloscdopamina.png\" class=\"attachment-full size-full wp-image-3782\" alt=\"Para siedzi na kanapie w przytulnym salonie wieczorem. M\u0119\u017cczyzna g\u0142aszcze psa, a kobieta u\u015bmiecha si\u0119, trzymaj\u0105c telefon. Na pierwszym planie widnieje napis: &#039;Tam, gdzie ko\u0144czy si\u0119 obecno\u015b\u0107&#039;.\" srcset=\"https:\/\/fundacjawzc.pl\/wp-content\/uploads\/2026\/04\/miloscdopamina.png 1024w, https:\/\/fundacjawzc.pl\/wp-content\/uploads\/2026\/04\/miloscdopamina-200x300.png 200w, https:\/\/fundacjawzc.pl\/wp-content\/uploads\/2026\/04\/miloscdopamina-683x1024.png 683w, https:\/\/fundacjawzc.pl\/wp-content\/uploads\/2026\/04\/miloscdopamina-768x1152.png 768w, https:\/\/fundacjawzc.pl\/wp-content\/uploads\/2026\/04\/miloscdopamina-8x12.png 8w\" sizes=\"(max-width: 1024px) 100vw, 1024px\" \/>\t\t\t\t\t\t\t\t<\/a>\n\t\t\t\t\t\t\t\t\t\t\t\t\t\t\t<\/div>\n\t\t\t\t<\/div>\n\t\t\t\t<div class=\"elementor-element elementor-element-4fb6c19 elementor-widget elementor-widget-image\" data-id=\"4fb6c19\" data-element_type=\"widget\" data-e-type=\"widget\" data-widget_type=\"image.default\">\n\t\t\t\t<div class=\"elementor-widget-container\">\n\t\t\t\t\t\t\t\t\t\t\t\t\t\t\t\t<a href=\"https:\/\/fundacjawzc.pl\/wp-content\/uploads\/2026\/04\/Nie-kazda-pomoc-jest-poczatkiem-relacji.pdf\" target=\"_blank\">\n\t\t\t\t\t\t\t<img decoding=\"async\" width=\"1024\" height=\"1536\" src=\"https:\/\/fundacjawzc.pl\/wp-content\/uploads\/2026\/04\/Nie-kazda-pomoc-nie-kazda-relacja.png\" class=\"attachment-full size-full wp-image-3705\" alt=\"Dwie trzymaj\u0105ce si\u0119 za r\u0119ce d\u0142onie na tle niebieskawego, rozmytego \u015bwiat\u0142a. Na grafice widnieje napis: &#039;Nie ka\u017cda pomoc jest pocz\u0105tkiem relacji&#039;.\" srcset=\"https:\/\/fundacjawzc.pl\/wp-content\/uploads\/2026\/04\/Nie-kazda-pomoc-nie-kazda-relacja.png 1024w, https:\/\/fundacjawzc.pl\/wp-content\/uploads\/2026\/04\/Nie-kazda-pomoc-nie-kazda-relacja-200x300.png 200w, https:\/\/fundacjawzc.pl\/wp-content\/uploads\/2026\/04\/Nie-kazda-pomoc-nie-kazda-relacja-683x1024.png 683w, https:\/\/fundacjawzc.pl\/wp-content\/uploads\/2026\/04\/Nie-kazda-pomoc-nie-kazda-relacja-768x1152.png 768w, https:\/\/fundacjawzc.pl\/wp-content\/uploads\/2026\/04\/Nie-kazda-pomoc-nie-kazda-relacja-8x12.png 8w\" sizes=\"(max-width: 1024px) 100vw, 1024px\" \/>\t\t\t\t\t\t\t\t<\/a>\n\t\t\t\t\t\t\t\t\t\t\t\t\t\t\t<\/div>\n\t\t\t\t<\/div>\n\t\t\t\t<div class=\"elementor-element elementor-element-009eea5 elementor-widget elementor-widget-image\" data-id=\"009eea5\" data-element_type=\"widget\" data-e-type=\"widget\" data-widget_type=\"image.default\">\n\t\t\t\t<div class=\"elementor-widget-container\">\n\t\t\t\t\t\t\t\t\t\t\t\t\t\t\t\t<a href=\"https:\/\/fundacjawzc.pl\/wp-content\/uploads\/2026\/03\/Jeszcze-jedna-zlota-rybka.pdf\" target=\"_blank\">\n\t\t\t\t\t\t\t<img decoding=\"async\" width=\"682\" height=\"1024\" src=\"https:\/\/fundacjawzc.pl\/wp-content\/uploads\/2026\/03\/czasem_stronatyt-682x1024.png\" class=\"attachment-large size-large wp-image-3615\" alt=\"Malowniczy krajobraz z rzek\u0105 p\u0142yn\u0105c\u0105 przez zielon\u0105 \u0142\u0105k\u0119, otoczon\u0105 lasem. Na niebie widoczne s\u0105 burzowe chmury z b\u0142yskawic\u0105. Na pierwszym planie ryba skacze w wodzie. Na grafice znajduje si\u0119 napis: &#039;Czasem warto zmieni\u0107 staw.&#039;\" srcset=\"https:\/\/fundacjawzc.pl\/wp-content\/uploads\/2026\/03\/czasem_stronatyt-682x1024.png 682w, https:\/\/fundacjawzc.pl\/wp-content\/uploads\/2026\/03\/czasem_stronatyt-200x300.png 200w, https:\/\/fundacjawzc.pl\/wp-content\/uploads\/2026\/03\/czasem_stronatyt-768x1153.png 768w, https:\/\/fundacjawzc.pl\/wp-content\/uploads\/2026\/03\/czasem_stronatyt-8x12.png 8w, https:\/\/fundacjawzc.pl\/wp-content\/uploads\/2026\/03\/czasem_stronatyt.png 822w\" sizes=\"(max-width: 682px) 100vw, 682px\" \/>\t\t\t\t\t\t\t\t<\/a>\n\t\t\t\t\t\t\t\t\t\t\t\t\t\t\t<\/div>\n\t\t\t\t<\/div>\n\t\t\t\t<div class=\"elementor-element elementor-element-6d2797d elementor-widget elementor-widget-image\" data-id=\"6d2797d\" data-element_type=\"widget\" data-e-type=\"widget\" data-widget_type=\"image.default\">\n\t\t\t\t<div class=\"elementor-widget-container\">\n\t\t\t\t\t\t\t\t\t\t\t\t\t\t\t\t<a href=\"https:\/\/fundacjawzc.pl\/wp-content\/uploads\/2026\/03\/Czwarty-nic-nie-warty.pdf\" target=\"_blank\">\n\t\t\t\t\t\t\t<img loading=\"lazy\" decoding=\"async\" width=\"687\" height=\"1024\" src=\"https:\/\/fundacjawzc.pl\/wp-content\/uploads\/2026\/03\/Czwarty-nic-nie-warty-687x1024.png\" class=\"attachment-large size-large wp-image-3462\" alt=\"Pluszowy mi\u015b siedzi na pod\u0142odze w ciep\u0142ym \u015bwietle, patrz\u0105c w kierunku rodzic\u00f3w i dziecka bawi\u0105cego si\u0119 w tle. Na grafice znajduje si\u0119 napis: &#039;Czwarty nic nie warty o samotno\u015bci, wykluczeniu i potrzebie bycia widzianym&#039;.\" srcset=\"https:\/\/fundacjawzc.pl\/wp-content\/uploads\/2026\/03\/Czwarty-nic-nie-warty-687x1024.png 687w, https:\/\/fundacjawzc.pl\/wp-content\/uploads\/2026\/03\/Czwarty-nic-nie-warty-201x300.png 201w, https:\/\/fundacjawzc.pl\/wp-content\/uploads\/2026\/03\/Czwarty-nic-nie-warty-768x1145.png 768w, https:\/\/fundacjawzc.pl\/wp-content\/uploads\/2026\/03\/Czwarty-nic-nie-warty-1030x1536.png 1030w, https:\/\/fundacjawzc.pl\/wp-content\/uploads\/2026\/03\/Czwarty-nic-nie-warty-1374x2048.png 1374w, https:\/\/fundacjawzc.pl\/wp-content\/uploads\/2026\/03\/Czwarty-nic-nie-warty-8x12.png 8w, https:\/\/fundacjawzc.pl\/wp-content\/uploads\/2026\/03\/Czwarty-nic-nie-warty.png 1696w\" sizes=\"(max-width: 687px) 100vw, 687px\" \/>\t\t\t\t\t\t\t\t<\/a>\n\t\t\t\t\t\t\t\t\t\t\t\t\t\t\t<\/div>\n\t\t\t\t<\/div>\n\t\t\t\t\t<\/div>\n\t\t\t\t<\/div>\n\t\t<div class=\"elementor-element elementor-element-094875a e-grid e-con-boxed e-con e-parent\" data-id=\"094875a\" data-element_type=\"container\" data-e-type=\"container\">\n\t\t\t\t\t<div class=\"e-con-inner\">\n\t\t\t\t<div class=\"elementor-element elementor-element-2760b2e elementor-widget elementor-widget-image\" data-id=\"2760b2e\" data-element_type=\"widget\" data-e-type=\"widget\" data-widget_type=\"image.default\">\n\t\t\t\t<div class=\"elementor-widget-container\">\n\t\t\t\t\t\t\t\t\t\t\t\t\t\t\t\t<a href=\"https:\/\/fundacjawzc.pl\/wp-content\/uploads\/2026\/02\/Nasza-wolnosc-zaczyna-sie-w-domu-rodzinnym.pdf\" target=\"_blank\">\n\t\t\t\t\t\t\t<img loading=\"lazy\" decoding=\"async\" width=\"683\" height=\"1024\" src=\"https:\/\/fundacjawzc.pl\/wp-content\/uploads\/2026\/02\/wolnosc-zaczyna-sie-w-domu-683x1024.png\" class=\"attachment-large size-large wp-image-3322\" alt=\"Ch\u0142opiec na \u015bcie\u017cce o zachodzie s\u0142o\u0144ca, w tle dwie sylwetki; na dole napis \u201eWolno\u015b\u0107 zaczyna si\u0119 w domu\u201d.\" srcset=\"https:\/\/fundacjawzc.pl\/wp-content\/uploads\/2026\/02\/wolnosc-zaczyna-sie-w-domu-683x1024.png 683w, https:\/\/fundacjawzc.pl\/wp-content\/uploads\/2026\/02\/wolnosc-zaczyna-sie-w-domu-200x300.png 200w, https:\/\/fundacjawzc.pl\/wp-content\/uploads\/2026\/02\/wolnosc-zaczyna-sie-w-domu-768x1152.png 768w, https:\/\/fundacjawzc.pl\/wp-content\/uploads\/2026\/02\/wolnosc-zaczyna-sie-w-domu-8x12.png 8w, https:\/\/fundacjawzc.pl\/wp-content\/uploads\/2026\/02\/wolnosc-zaczyna-sie-w-domu.png 1024w\" sizes=\"(max-width: 683px) 100vw, 683px\" \/>\t\t\t\t\t\t\t\t<\/a>\n\t\t\t\t\t\t\t\t\t\t\t\t\t\t\t<\/div>\n\t\t\t\t<\/div>\n\t\t\t\t<div class=\"elementor-element elementor-element-a009cc2 elementor-widget elementor-widget-image\" data-id=\"a009cc2\" data-element_type=\"widget\" data-e-type=\"widget\" data-widget_type=\"image.default\">\n\t\t\t\t<div class=\"elementor-widget-container\">\n\t\t\t\t\t\t\t\t\t\t\t\t\t\t\t\t<a href=\"https:\/\/fundacjawzc.pl\/wp-content\/uploads\/2026\/02\/Zwiazek-dwoch-deficytow-w-relacji.pdf\" target=\"_blank\">\n\t\t\t\t\t\t\t<img loading=\"lazy\" decoding=\"async\" width=\"687\" height=\"1024\" src=\"https:\/\/fundacjawzc.pl\/wp-content\/uploads\/2026\/03\/zwiazek-dwoch-deficytow-687x1024.png\" class=\"attachment-large size-large wp-image-3475\" alt=\"Ok\u0142adka ksi\u0105\u017cki &#039;Zwi\u0105zek dw\u00f3ch deficyt\u00f3w w relacji&#039; \u2014 poruszaj\u0105ca grafika przedstawiaj\u0105ca par\u0119 w chwili refleksji i emocjonalnego napi\u0119cia, symbolizuj\u0105ca krucho\u015b\u0107 i g\u0142\u0119bi\u0119 ludzkich relacji\" srcset=\"https:\/\/fundacjawzc.pl\/wp-content\/uploads\/2026\/03\/zwiazek-dwoch-deficytow-687x1024.png 687w, https:\/\/fundacjawzc.pl\/wp-content\/uploads\/2026\/03\/zwiazek-dwoch-deficytow-201x300.png 201w, https:\/\/fundacjawzc.pl\/wp-content\/uploads\/2026\/03\/zwiazek-dwoch-deficytow-768x1145.png 768w, https:\/\/fundacjawzc.pl\/wp-content\/uploads\/2026\/03\/zwiazek-dwoch-deficytow-1030x1536.png 1030w, https:\/\/fundacjawzc.pl\/wp-content\/uploads\/2026\/03\/zwiazek-dwoch-deficytow-1374x2048.png 1374w, https:\/\/fundacjawzc.pl\/wp-content\/uploads\/2026\/03\/zwiazek-dwoch-deficytow-8x12.png 8w, https:\/\/fundacjawzc.pl\/wp-content\/uploads\/2026\/03\/zwiazek-dwoch-deficytow.png 1696w\" sizes=\"(max-width: 687px) 100vw, 687px\" \/>\t\t\t\t\t\t\t\t<\/a>\n\t\t\t\t\t\t\t\t\t\t\t\t\t\t\t<\/div>\n\t\t\t\t<\/div>\n\t\t\t\t\t<\/div>\n\t\t\t\t<\/div>\n\t\t<div class=\"elementor-element elementor-element-b48b400 e-grid e-con-boxed e-con e-parent\" data-id=\"b48b400\" data-element_type=\"container\" data-e-type=\"container\">\n\t\t\t\t\t<div class=\"e-con-inner\">\n\t\t\t\t<div class=\"elementor-element elementor-element-1278a6d elementor-widget elementor-widget-image\" data-id=\"1278a6d\" data-element_type=\"widget\" data-e-type=\"widget\" data-widget_type=\"image.default\">\n\t\t\t\t<div class=\"elementor-widget-container\">\n\t\t\t\t\t\t\t\t\t\t\t\t\t\t\t\t<a href=\"https:\/\/fundacjawzc.pl\/wp-content\/uploads\/2026\/01\/Fundamenty-powstawania-osobowosci-narcystycznej.pdf\" target=\"_blank\">\n\t\t\t\t\t\t\t<img loading=\"lazy\" decoding=\"async\" width=\"687\" height=\"1024\" src=\"https:\/\/fundacjawzc.pl\/wp-content\/uploads\/2026\/01\/fundamenty-powstawania-osobowosci-687x1024.png\" class=\"attachment-large size-large wp-image-3003\" alt=\"Para stoj\u0105ca na le\u015bnej drodze w s\u0142oneczny dzie\u0144 \u2014 symbol wsparcia i relacji w terapii osobowo\u015bci narcystycznej, fundamenty powrotu do zdrowia i r\u00f3wnowagi psychicznej\" srcset=\"https:\/\/fundacjawzc.pl\/wp-content\/uploads\/2026\/01\/fundamenty-powstawania-osobowosci-687x1024.png 687w, https:\/\/fundacjawzc.pl\/wp-content\/uploads\/2026\/01\/fundamenty-powstawania-osobowosci-201x300.png 201w, https:\/\/fundacjawzc.pl\/wp-content\/uploads\/2026\/01\/fundamenty-powstawania-osobowosci-768x1145.png 768w, https:\/\/fundacjawzc.pl\/wp-content\/uploads\/2026\/01\/fundamenty-powstawania-osobowosci-8x12.png 8w, https:\/\/fundacjawzc.pl\/wp-content\/uploads\/2026\/01\/fundamenty-powstawania-osobowosci.png 848w\" sizes=\"(max-width: 687px) 100vw, 687px\" \/>\t\t\t\t\t\t\t\t<\/a>\n\t\t\t\t\t\t\t\t\t\t\t\t\t\t\t<\/div>\n\t\t\t\t<\/div>\n\t\t\t\t\t<\/div>\n\t\t\t\t<\/div>\n\t\t\t\t<\/div>","protected":false},"excerpt":{"rendered":"<p>Articles<\/p>","protected":false},"author":1,"featured_media":0,"parent":0,"menu_order":0,"comment_status":"closed","ping_status":"closed","template":"","meta":{"site-sidebar-layout":"no-sidebar","site-content-layout":"page-builder","ast-site-content-layout":"full-width-container","site-content-style":"default","site-sidebar-style":"default","ast-global-header-display":"","ast-banner-title-visibility":"","ast-main-header-display":"","ast-hfb-above-header-display":"","ast-hfb-below-header-display":"","ast-hfb-mobile-header-display":"","site-post-title":"disabled","ast-breadcrumbs-content":"","ast-featured-img":"disabled","footer-sml-layout":"","ast-disable-related-posts":"","theme-transparent-header-meta":"","adv-header-id-meta":"","stick-header-meta":"","header-above-stick-meta":"","header-main-stick-meta":"","header-below-stick-meta":"","astra-migrate-meta-layouts":"set","ast-page-background-enabled":"default","ast-page-background-meta":{"desktop":{"background-color":"","background-image":"","background-repeat":"repeat","background-position":"center center","background-size":"auto","background-attachment":"scroll","background-type":"","background-media":"","overlay-type":"","overlay-color":"","overlay-opacity":"","overlay-gradient":""},"tablet":{"background-color":"","background-image":"","background-repeat":"repeat","background-position":"center center","background-size":"auto","background-attachment":"scroll","background-type":"","background-media":"","overlay-type":"","overlay-color":"","overlay-opacity":"","overlay-gradient":""},"mobile":{"background-color":"","background-image":"","background-repeat":"repeat","background-position":"center center","background-size":"auto","background-attachment":"scroll","background-type":"","background-media":"","overlay-type":"","overlay-color":"","overlay-opacity":"","overlay-gradient":""}},"ast-content-background-meta":{"desktop":{"background-color":"var(--ast-global-color-5)","background-image":"","background-repeat":"repeat","background-position":"center center","background-size":"auto","background-attachment":"scroll","background-type":"","background-media":"","overlay-type":"","overlay-color":"","overlay-opacity":"","overlay-gradient":""},"tablet":{"background-color":"var(--ast-global-color-5)","background-image":"","background-repeat":"repeat","background-position":"center center","background-size":"auto","background-attachment":"scroll","background-type":"","background-media":"","overlay-type":"","overlay-color":"","overlay-opacity":"","overlay-gradient":""},"mobile":{"background-color":"var(--ast-global-color-5)","background-image":"","background-repeat":"repeat","background-position":"center center","background-size":"auto","background-attachment":"scroll","background-type":"","background-media":"","overlay-type":"","overlay-color":"","overlay-opacity":"","overlay-gradient":""}},"footnotes":""},"class_list":["post-2981","page","type-page","status-publish","hentry"],"_links":{"self":[{"href":"https:\/\/fundacjawzc.pl\/en\/wp-json\/wp\/v2\/pages\/2981","targetHints":{"allow":["GET"]}}],"collection":[{"href":"https:\/\/fundacjawzc.pl\/en\/wp-json\/wp\/v2\/pages"}],"about":[{"href":"https:\/\/fundacjawzc.pl\/en\/wp-json\/wp\/v2\/types\/page"}],"author":[{"embeddable":true,"href":"https:\/\/fundacjawzc.pl\/en\/wp-json\/wp\/v2\/users\/1"}],"replies":[{"embeddable":true,"href":"https:\/\/fundacjawzc.pl\/en\/wp-json\/wp\/v2\/comments?post=2981"}],"version-history":[{"count":89,"href":"https:\/\/fundacjawzc.pl\/en\/wp-json\/wp\/v2\/pages\/2981\/revisions"}],"predecessor-version":[{"id":3814,"href":"https:\/\/fundacjawzc.pl\/en\/wp-json\/wp\/v2\/pages\/2981\/revisions\/3814"}],"wp:attachment":[{"href":"https:\/\/fundacjawzc.pl\/en\/wp-json\/wp\/v2\/media?parent=2981"}],"curies":[{"name":"wp","href":"https:\/\/api.w.org\/{rel}","templated":true}]}}