{"id":543,"date":"2025-12-09T15:44:22","date_gmt":"2025-12-09T15:44:22","guid":{"rendered":"https:\/\/fundacjawzc.pl\/projects\/"},"modified":"2026-04-27T14:22:32","modified_gmt":"2026-04-27T14:22:32","slug":"pomoc-psychologiczna","status":"publish","type":"page","link":"https:\/\/fundacjawzc.pl\/en\/pomoc-psychologiczna\/","title":{"rendered":"Pomoc Psychologiczna"},"content":{"rendered":"<div data-elementor-type=\"wp-post\" data-elementor-id=\"543\" class=\"elementor elementor-543\">\n\t\t\t\t<div class=\"elementor-element elementor-element-36e4911 full-width-section e-flex e-con-boxed e-con e-parent\" data-id=\"36e4911\" data-element_type=\"container\" data-e-type=\"container\" id=\"full-width-section\" data-settings=\"{&quot;background_background&quot;:&quot;classic&quot;}\">\n\t\t\t\t\t<div class=\"e-con-inner\">\n\t\t<div class=\"elementor-element elementor-element-8d332cf e-con-full e-flex e-con e-child\" data-id=\"8d332cf\" data-element_type=\"container\" data-e-type=\"container\">\n\t\t\t\t<div class=\"elementor-element elementor-element-4bf79de elementor-widget elementor-widget-heading\" data-id=\"4bf79de\" data-element_type=\"widget\" data-e-type=\"widget\" data-widget_type=\"heading.default\">\n\t\t\t\t<div class=\"elementor-widget-container\">\n\t\t\t\t\t<h1 class=\"elementor-heading-title elementor-size-default\">Psychological support<\/h1>\t\t\t\t<\/div>\n\t\t\t\t<\/div>\n\t\t\t\t<\/div>\n\t\t\t\t\t<\/div>\n\t\t\t\t<\/div>\n\t\t<div class=\"elementor-element elementor-element-1669af2 e-flex e-con-boxed e-con e-parent\" data-id=\"1669af2\" data-element_type=\"container\" data-e-type=\"container\">\n\t\t\t\t\t<div class=\"e-con-inner\">\n\t\t<div class=\"elementor-element elementor-element-f312a7e e-con-full e-flex e-con e-child\" data-id=\"f312a7e\" data-element_type=\"container\" data-e-type=\"container\">\n\t\t\t\t<div class=\"elementor-element elementor-element-ecefe26 elementor-widget elementor-widget-heading\" data-id=\"ecefe26\" data-element_type=\"widget\" data-e-type=\"widget\" data-widget_type=\"heading.default\">\n\t\t\t\t<div class=\"elementor-widget-container\">\n\t\t\t\t\t<h3 class=\"elementor-heading-title elementor-size-default\"><h2 data-elementor-setting-key=\"infocard_title\" data-elementor-inline-editing-toolbar=\"basic\" data-pen-placeholder=\"Pisz tutaj...\" style=\"font-style: normal;margin-top: 20px;margin-bottom: 10px\">We are here to assist you<span style=\"font-size: 2.125rem;font-style: inherit\"><\/span><\/h2><\/h3>\t\t\t\t<\/div>\n\t\t\t\t<\/div>\n\t\t\t\t<div class=\"elementor-element elementor-element-a5b3cb7 elementor-widget-divider--view-line elementor-widget elementor-widget-divider\" data-id=\"a5b3cb7\" data-element_type=\"widget\" data-e-type=\"widget\" data-widget_type=\"divider.default\">\n\t\t\t\t<div class=\"elementor-widget-container\">\n\t\t\t\t\t\t\t<div class=\"elementor-divider\">\n\t\t\t<span class=\"elementor-divider-separator\">\n\t\t\t\t\t\t<\/span>\n\t\t<\/div>\n\t\t\t\t\t\t<\/div>\n\t\t\t\t<\/div>\n\t\t\t\t<div class=\"elementor-element elementor-element-b31e11f elementor-widget__width-initial elementor-widget elementor-widget-text-editor\" data-id=\"b31e11f\" data-element_type=\"widget\" data-e-type=\"widget\" data-widget_type=\"text-editor.default\">\n\t\t\t\t<div class=\"elementor-widget-container\">\n\t\t\t\t\t\t\t\t\t<p>Psychological support plays a crucial role in times of mental and identity crises, when existing coping mechanisms are no longer sufficient. In such situations, strong emotions, confusion, feelings of loss or loss of meaning arise, which can significantly impede everyday functioning. Professional psychological support provides a safe space to pause, understand one's own experiences, and regain inner balance.<\/p>\n\t\t\t\t\t\t\t\t<\/div>\n\t\t\t\t<\/div>\n\t\t\t\t<\/div>\n\t\t\t\t\t<\/div>\n\t\t\t\t<\/div>\n\t\t<div class=\"elementor-element elementor-element-04325e0 e-flex e-con-boxed e-con e-parent\" data-id=\"04325e0\" data-element_type=\"container\" data-e-type=\"container\">\n\t\t\t\t\t<div class=\"e-con-inner\">\n\t\t\t\t<div class=\"elementor-element elementor-element-6991ee6 elementor-widget elementor-widget-heading\" data-id=\"6991ee6\" data-element_type=\"widget\" data-e-type=\"widget\" data-widget_type=\"heading.default\">\n\t\t\t\t<div class=\"elementor-widget-container\">\n\t\t\t\t\t<h4 class=\"elementor-heading-title elementor-size-default\">Support during identity crises<\/h4>\t\t\t\t<\/div>\n\t\t\t\t<\/div>\n\t\t\t\t<div class=\"elementor-element elementor-element-90a1cde elementor-widget-divider--view-line elementor-widget elementor-widget-divider\" data-id=\"90a1cde\" data-element_type=\"widget\" data-e-type=\"widget\" data-widget_type=\"divider.default\">\n\t\t\t\t<div class=\"elementor-widget-container\">\n\t\t\t\t\t\t\t<div class=\"elementor-divider\">\n\t\t\t<span class=\"elementor-divider-separator\">\n\t\t\t\t\t\t<\/span>\n\t\t<\/div>\n\t\t\t\t\t\t<\/div>\n\t\t\t\t<\/div>\n\t\t\t\t<div class=\"elementor-element elementor-element-264abcd elementor-widget__width-initial elementor-widget elementor-widget-text-editor\" data-id=\"264abcd\" data-element_type=\"widget\" data-e-type=\"widget\" data-widget_type=\"text-editor.default\">\n\t\t\t\t<div class=\"elementor-widget-container\">\n\t\t\t\t\t\t\t\t\t<p>In identity crises, psychological help supports the process of getting to know yourself better, your needs, values and boundaries. It allows you to sort out internal conflicts and find consistency between who you are and how you function in relationships and the outside world. The support of a specialist helps you go through this process in a safe and conscious way, without the pressure of quick solutions.<\/p>\n\t\t\t\t\t\t\t\t<\/div>\n\t\t\t\t<\/div>\n\t\t\t\t\t<\/div>\n\t\t\t\t<\/div>\n\t\t<div class=\"elementor-element elementor-element-fd97125 e-flex e-con-boxed e-con e-parent\" data-id=\"fd97125\" data-element_type=\"container\" data-e-type=\"container\">\n\t\t\t\t\t<div class=\"e-con-inner\">\n\t\t\t\t<div class=\"elementor-element elementor-element-e9414d3 elementor-widget elementor-widget-heading\" data-id=\"e9414d3\" data-element_type=\"widget\" data-e-type=\"widget\" data-widget_type=\"heading.default\">\n\t\t\t\t<div class=\"elementor-widget-container\">\n\t\t\t\t\t<h4 class=\"elementor-heading-title elementor-size-default\">Strengthening resources and resilience<\/h4>\t\t\t\t<\/div>\n\t\t\t\t<\/div>\n\t\t\t\t<div class=\"elementor-element elementor-element-6b6af76 elementor-widget-divider--view-line elementor-widget elementor-widget-divider\" data-id=\"6b6af76\" data-element_type=\"widget\" data-e-type=\"widget\" data-widget_type=\"divider.default\">\n\t\t\t\t<div class=\"elementor-widget-container\">\n\t\t\t\t\t\t\t<div class=\"elementor-divider\">\n\t\t\t<span class=\"elementor-divider-separator\">\n\t\t\t\t\t\t<\/span>\n\t\t<\/div>\n\t\t\t\t\t\t<\/div>\n\t\t\t\t<\/div>\n\t\t\t\t<div class=\"elementor-element elementor-element-293cb27 elementor-widget__width-initial elementor-widget elementor-widget-text-editor\" data-id=\"293cb27\" data-element_type=\"widget\" data-e-type=\"widget\" data-widget_type=\"text-editor.default\">\n\t\t\t\t<div class=\"elementor-widget-container\">\n\t\t\t\t\t\t\t\t\t<p><strong>Regardless of the type of crisis, psychological assistance is not only about alleviating symptoms, but also about strengthening resources, building mental resilience and teaching effective strategies for coping with difficulties.<\/strong> It is a form of support that not only helps you get through a difficult time, but also emerge from it with a greater understanding of yourself and a sense of control over your own life.<\/p>\n\t\t\t\t\t\t\t\t<\/div>\n\t\t\t\t<\/div>\n\t\t\t\t\t<\/div>\n\t\t\t\t<\/div>\n\t\t<div class=\"elementor-element elementor-element-66dd0dd e-flex e-con-boxed e-con e-parent\" data-id=\"66dd0dd\" data-element_type=\"container\" data-e-type=\"container\">\n\t\t\t\t\t<div class=\"e-con-inner\">\n\t\t\t\t<div class=\"elementor-element elementor-element-fd49171 elementor-widget elementor-widget-heading\" data-id=\"fd49171\" data-element_type=\"widget\" data-e-type=\"widget\" data-widget_type=\"heading.default\">\n\t\t\t\t<div class=\"elementor-widget-container\">\n\t\t\t\t\t<h4 class=\"elementor-heading-title elementor-size-default\">Our mission<\/h4>\t\t\t\t<\/div>\n\t\t\t\t<\/div>\n\t\t\t\t<div class=\"elementor-element elementor-element-f4aa2f3 elementor-widget-divider--view-line elementor-widget elementor-widget-divider\" data-id=\"f4aa2f3\" data-element_type=\"widget\" data-e-type=\"widget\" data-widget_type=\"divider.default\">\n\t\t\t\t<div class=\"elementor-widget-container\">\n\t\t\t\t\t\t\t<div class=\"elementor-divider\">\n\t\t\t<span class=\"elementor-divider-separator\">\n\t\t\t\t\t\t<\/span>\n\t\t<\/div>\n\t\t\t\t\t\t<\/div>\n\t\t\t\t<\/div>\n\t\t\t\t<div class=\"elementor-element elementor-element-d57d9cb elementor-widget__width-initial elementor-widget elementor-widget-text-editor\" data-id=\"d57d9cb\" data-element_type=\"widget\" data-e-type=\"widget\" data-widget_type=\"text-editor.default\">\n\t\t\t\t<div class=\"elementor-widget-container\">\n\t\t\t\t\t\t\t\t\tAt the Wyj\u015b\u0107 z Ciemno\u015bci Foundation, we believe that everyone deserves support in the most difficult moments of their lives. Our doors are open to those who seek understanding, acceptance and a way back to themselves.\n<blockquote style=\"border-left: 4px solid #FFD700; padding-left: 20px; margin: 30px 0; font-style: italic; font-size: 18px; color: #3954a4; text-align: left;\">We help our clients not only to \u2018survive the crisis,\u2019 but to truly \u2018emerge stronger\u2019 \u2014 with greater self-awareness and hope for the future.<\/blockquote>\n<p style=\"text-align: center; font-size: 18px; margin-top: 30px;\"><strong>We offer professional psychological assistance for individuals who require support in regaining their balance.<\/strong><\/p>\t\t\t\t\t\t\t\t<\/div>\n\t\t\t\t<\/div>\n\t\t\t\t\t<\/div>\n\t\t\t\t<\/div>\n\t\t<div class=\"elementor-element elementor-element-151b9ca e-flex e-con-boxed e-con e-parent\" data-id=\"151b9ca\" data-element_type=\"container\" data-e-type=\"container\">\n\t\t\t\t\t<div class=\"e-con-inner\">\n\t\t<div class=\"elementor-element elementor-element-239b0e3 e-con-full e-flex e-con e-child\" data-id=\"239b0e3\" data-element_type=\"container\" data-e-type=\"container\">\n\t\t\t\t<div class=\"elementor-element elementor-element-3495120 elementor-widget elementor-widget-image\" data-id=\"3495120\" data-element_type=\"widget\" data-e-type=\"widget\" data-widget_type=\"image.default\">\n\t\t\t\t<div class=\"elementor-widget-container\">\n\t\t\t\t\t\t\t\t\t\t\t\t\t\t\t<img fetchpriority=\"high\" decoding=\"async\" width=\"1024\" height=\"765\" src=\"https:\/\/fundacjawzc.pl\/wp-content\/uploads\/2026\/01\/konsulatacje-indywidualne-1024x765.png\" class=\"attachment-large size-large wp-image-3179\" alt=\"Profesjonalna konsultacja psychologiczna lub coachingowa w przytulnym gabinecie \u2014 rozmowa terapeutyczna z notatkami, tablic\u0105 i ro\u015blinami, stworzona do wsparcia rozwoju osobistego i zawodowego\" srcset=\"https:\/\/fundacjawzc.pl\/wp-content\/uploads\/2026\/01\/konsulatacje-indywidualne-1024x765.png 1024w, https:\/\/fundacjawzc.pl\/wp-content\/uploads\/2026\/01\/konsulatacje-indywidualne-300x224.png 300w, https:\/\/fundacjawzc.pl\/wp-content\/uploads\/2026\/01\/konsulatacje-indywidualne-768x573.png 768w, https:\/\/fundacjawzc.pl\/wp-content\/uploads\/2026\/01\/konsulatacje-indywidualne-16x12.png 16w, https:\/\/fundacjawzc.pl\/wp-content\/uploads\/2026\/01\/konsulatacje-indywidualne.png 1200w\" sizes=\"(max-width: 1024px) 100vw, 1024px\" \/>\t\t\t\t\t\t\t\t\t\t\t\t\t\t\t<\/div>\n\t\t\t\t<\/div>\n\t\t\t\t<div class=\"elementor-element elementor-element-9625f10 elementor-widget elementor-widget-hfe-infocard\" data-id=\"9625f10\" data-element_type=\"widget\" data-e-type=\"widget\" data-widget_type=\"hfe-infocard.default\">\n\t\t\t\t<div class=\"elementor-widget-container\">\n\t\t\t\t\t\n\t\t<div class=\"hfe-infocard\">\n\t\t\t\t\t\t\t\t\t<div class=\"hfe-infocard-title-wrap\">\n\t\t\t\t<h5 class=\"hfe-infocard-title elementor-inline-editing\" data-elementor-setting-key=\"infocard_title\" data-elementor-inline-editing-toolbar=\"basic\" >Individual consultations<\/h5>\t\t\t<\/div>\n\t\t\t\t\t\t<div class=\"hfe-infocard-text-wrap\">\n\t\t\t\t<div class=\"hfe-infocard-text elementor-inline-editing\" data-elementor-setting-key=\"infocard_description\" data-elementor-inline-editing-toolbar=\"advanced\">\n\t\t\t\t\t<p>Meetings with a psychologist or therapist, tailored to your needs. A safe space to talk about what you are going through.<\/p>\t\t\t\t<\/div>\n\t\t\t\t\t\t\t<\/div>\n\t\t<\/div>\n\n\t\t\t\t\t\t<\/div>\n\t\t\t\t<\/div>\n\t\t\t\t<\/div>\n\t\t<div class=\"elementor-element elementor-element-4c932fd e-con-full e-flex e-con e-child\" data-id=\"4c932fd\" data-element_type=\"container\" data-e-type=\"container\">\n\t\t\t\t<div class=\"elementor-element elementor-element-abb508e elementor-widget elementor-widget-image\" data-id=\"abb508e\" data-element_type=\"widget\" data-e-type=\"widget\" data-widget_type=\"image.default\">\n\t\t\t\t<div class=\"elementor-widget-container\">\n\t\t\t\t\t\t\t\t\t\t\t\t\t\t\t<img decoding=\"async\" width=\"1024\" height=\"683\" src=\"https:\/\/fundacjawzc.pl\/wp-content\/uploads\/2026\/01\/terapia-grupowa-1024x683.png\" class=\"attachment-large size-large wp-image-3180\" alt=\"Terapia grupowa w przytulnym salonie \u2014 prowadz\u0105ca moderuje dyskusj\u0119 uczestnik\u00f3w, sesja wsparcia psychologicznego w jasnym, pe\u0142nym ro\u015blin wn\u0119trzu sprzyjaj\u0105cym otwartej komunikacji i rozwojowi osobistemu\" srcset=\"https:\/\/fundacjawzc.pl\/wp-content\/uploads\/2026\/01\/terapia-grupowa-1024x683.png 1024w, https:\/\/fundacjawzc.pl\/wp-content\/uploads\/2026\/01\/terapia-grupowa-300x200.png 300w, https:\/\/fundacjawzc.pl\/wp-content\/uploads\/2026\/01\/terapia-grupowa-768x512.png 768w, https:\/\/fundacjawzc.pl\/wp-content\/uploads\/2026\/01\/terapia-grupowa-18x12.png 18w, https:\/\/fundacjawzc.pl\/wp-content\/uploads\/2026\/01\/terapia-grupowa.png 1536w\" sizes=\"(max-width: 1024px) 100vw, 1024px\" \/>\t\t\t\t\t\t\t\t\t\t\t\t\t\t\t<\/div>\n\t\t\t\t<\/div>\n\t\t\t\t<div class=\"elementor-element elementor-element-b3ecb2a elementor-widget elementor-widget-hfe-infocard\" data-id=\"b3ecb2a\" data-element_type=\"widget\" data-e-type=\"widget\" data-widget_type=\"hfe-infocard.default\">\n\t\t\t\t<div class=\"elementor-widget-container\">\n\t\t\t\t\t\n\t\t<div class=\"hfe-infocard\">\n\t\t\t\t\t\t\t\t\t<div class=\"hfe-infocard-title-wrap\">\n\t\t\t\t<h5 class=\"hfe-infocard-title elementor-inline-editing\" data-elementor-setting-key=\"infocard_title\" data-elementor-inline-editing-toolbar=\"basic\" ><strong>Group therapy<\/strong><\/h5>\t\t\t<\/div>\n\t\t\t\t\t\t<div class=\"hfe-infocard-text-wrap\">\n\t\t\t\t<div class=\"hfe-infocard-text elementor-inline-editing\" data-elementor-setting-key=\"infocard_description\" data-elementor-inline-editing-toolbar=\"advanced\">\n\t\t\t\t\t<p>Small group meetings led by a specialist. The power of support from people who understand your situation.<\/p>\t\t\t\t<\/div>\n\t\t\t\t\t\t\t<\/div>\n\t\t<\/div>\n\n\t\t\t\t\t\t<\/div>\n\t\t\t\t<\/div>\n\t\t\t\t<\/div>\n\t\t\t\t\t<\/div>\n\t\t\t\t<\/div>\n\t\t<div class=\"elementor-element elementor-element-1e798aa e-flex e-con-boxed e-con e-parent\" data-id=\"1e798aa\" data-element_type=\"container\" data-e-type=\"container\">\n\t\t\t\t\t<div class=\"e-con-inner\">\n\t\t<div class=\"elementor-element elementor-element-a244f77 e-con-full e-flex e-con e-child\" data-id=\"a244f77\" data-element_type=\"container\" data-e-type=\"container\">\n\t\t\t\t<div class=\"elementor-element elementor-element-7dee5f8 elementor-widget elementor-widget-image\" data-id=\"7dee5f8\" data-element_type=\"widget\" data-e-type=\"widget\" data-widget_type=\"image.default\">\n\t\t\t\t<div class=\"elementor-widget-container\">\n\t\t\t\t\t\t\t\t\t\t\t\t\t\t\t<img decoding=\"async\" width=\"1024\" height=\"687\" src=\"https:\/\/fundacjawzc.pl\/wp-content\/uploads\/2026\/01\/wsparcie-telefoniczne-1024x687.png\" class=\"attachment-large size-large wp-image-3252\" alt=\"Specjalista ds. wsparcia rozmawia przez telefon z troskliwym wyrazem twarzy, siedz\u0105c przy biurku z laptopem, notatnikiem i fili\u017cank\u0105 kawy. W tle okno z naturalnym \u015bwiat\u0142em i ro\u015bliny, co tworzy atmosfer\u0119 profesjonalizmu i empatii.\" srcset=\"https:\/\/fundacjawzc.pl\/wp-content\/uploads\/2026\/01\/wsparcie-telefoniczne-1024x687.png 1024w, https:\/\/fundacjawzc.pl\/wp-content\/uploads\/2026\/01\/wsparcie-telefoniczne-300x201.png 300w, https:\/\/fundacjawzc.pl\/wp-content\/uploads\/2026\/01\/wsparcie-telefoniczne-768x515.png 768w, https:\/\/fundacjawzc.pl\/wp-content\/uploads\/2026\/01\/wsparcie-telefoniczne-18x12.png 18w, https:\/\/fundacjawzc.pl\/wp-content\/uploads\/2026\/01\/wsparcie-telefoniczne.png 1264w\" sizes=\"(max-width: 1024px) 100vw, 1024px\" \/>\t\t\t\t\t\t\t\t\t\t\t\t\t\t\t<\/div>\n\t\t\t\t<\/div>\n\t\t\t\t<div class=\"elementor-element elementor-element-9f33ac8 elementor-widget elementor-widget-hfe-infocard\" data-id=\"9f33ac8\" data-element_type=\"widget\" data-e-type=\"widget\" data-widget_type=\"hfe-infocard.default\">\n\t\t\t\t<div class=\"elementor-widget-container\">\n\t\t\t\t\t\n\t\t<div class=\"hfe-infocard\">\n\t\t\t\t\t\t\t\t\t<div class=\"hfe-infocard-title-wrap\">\n\t\t\t\t<h5 class=\"hfe-infocard-title elementor-inline-editing\" data-elementor-setting-key=\"infocard_title\" data-elementor-inline-editing-toolbar=\"basic\" >Telephone support<\/h5>\t\t\t<\/div>\n\t\t\t\t\t\t<div class=\"hfe-infocard-text-wrap\">\n\t\t\t\t<div class=\"hfe-infocard-text elementor-inline-editing\" data-elementor-setting-key=\"infocard_description\" data-elementor-inline-editing-toolbar=\"advanced\">\n\t\t\t\t\t<p>Need to talk? Give us a call! We are available.<\/p>\t\t\t\t<\/div>\n\t\t\t\t\t\t\t<\/div>\n\t\t<\/div>\n\n\t\t\t\t\t\t<\/div>\n\t\t\t\t<\/div>\n\t\t\t\t<\/div>\n\t\t<div class=\"elementor-element elementor-element-966b72e e-con-full e-flex e-con e-child\" data-id=\"966b72e\" data-element_type=\"container\" data-e-type=\"container\">\n\t\t\t\t<div class=\"elementor-element elementor-element-ea3857c elementor-widget elementor-widget-image\" data-id=\"ea3857c\" data-element_type=\"widget\" data-e-type=\"widget\" data-widget_type=\"image.default\">\n\t\t\t\t<div class=\"elementor-widget-container\">\n\t\t\t\t\t\t\t\t\t\t\t\t\t\t\t<img loading=\"lazy\" decoding=\"async\" width=\"1024\" height=\"765\" src=\"https:\/\/fundacjawzc.pl\/wp-content\/uploads\/2026\/01\/grupy-wsparcia-1024x765.png\" class=\"attachment-large size-large wp-image-3256\" alt=\"Spotkanie grupy wsparcia w nas\u0142onecznionym salonie \u2014 uczestnicy dziel\u0105 si\u0119 do\u015bwiadczeniami w przyjaznej atmosferze, otoczeni ro\u015blinami i naturalnym \u015bwiat\u0142em, sprzyjaj\u0105cym otwartej rozmowie i rozwojowi osobistemu\" srcset=\"https:\/\/fundacjawzc.pl\/wp-content\/uploads\/2026\/01\/grupy-wsparcia-1024x765.png 1024w, https:\/\/fundacjawzc.pl\/wp-content\/uploads\/2026\/01\/grupy-wsparcia-300x224.png 300w, https:\/\/fundacjawzc.pl\/wp-content\/uploads\/2026\/01\/grupy-wsparcia-768x573.png 768w, https:\/\/fundacjawzc.pl\/wp-content\/uploads\/2026\/01\/grupy-wsparcia-16x12.png 16w, https:\/\/fundacjawzc.pl\/wp-content\/uploads\/2026\/01\/grupy-wsparcia.png 1200w\" sizes=\"(max-width: 1024px) 100vw, 1024px\" \/>\t\t\t\t\t\t\t\t\t\t\t\t\t\t\t<\/div>\n\t\t\t\t<\/div>\n\t\t\t\t<div class=\"elementor-element elementor-element-c948636 elementor-widget elementor-widget-hfe-infocard\" data-id=\"c948636\" data-element_type=\"widget\" data-e-type=\"widget\" data-widget_type=\"hfe-infocard.default\">\n\t\t\t\t<div class=\"elementor-widget-container\">\n\t\t\t\t\t\n\t\t<div class=\"hfe-infocard\">\n\t\t\t\t\t\t\t\t\t<div class=\"hfe-infocard-title-wrap\">\n\t\t\t\t<h5 class=\"hfe-infocard-title elementor-inline-editing\" data-elementor-setting-key=\"infocard_title\" data-elementor-inline-editing-toolbar=\"basic\" >Support groups<\/h5>\t\t\t<\/div>\n\t\t\t\t\t\t<div class=\"hfe-infocard-text-wrap\">\n\t\t\t\t<div class=\"hfe-infocard-text elementor-inline-editing\" data-elementor-setting-key=\"infocard_description\" data-elementor-inline-editing-toolbar=\"advanced\">\n\t\t\t\t\t<p>Regular meetings for people leaving difficult relationships. No judgement, just mutual understanding.<\/p>\t\t\t\t<\/div>\n\t\t\t\t\t\t\t<\/div>\n\t\t<\/div>\n\n\t\t\t\t\t\t<\/div>\n\t\t\t\t<\/div>\n\t\t\t\t<\/div>\n\t\t\t\t\t<\/div>\n\t\t\t\t<\/div>\n\t\t\t\t<\/div>","protected":false},"excerpt":{"rendered":"<p>Pomoc psychologiczna Jeste\u015bmy tu, \u017ceby Ci pom\u00f3c Pomoc psychologiczna odgrywa kluczow\u0105 rol\u0119 w momentach kryzys\u00f3w psychicznych i to\u017csamo\u015bciowych, kiedy dotychczasowe sposoby radzenia sobie przestaj\u0105 by\u0107 wystarczaj\u0105ce. W takich sytuacjach pojawiaj\u0105 si\u0119 silne emocje, dezorientacja, poczucie zagubienia czy utrata sensu, kt\u00f3re mog\u0105 znacz\u0105co utrudnia\u0107 codzienne funkcjonowanie. Profesjonalne wsparcie psychologiczne daje bezpieczn\u0105 przestrze\u0144 do zatrzymania si\u0119, zrozumienia [&hellip;]<\/p>\n","protected":false},"author":1,"featured_media":0,"parent":0,"menu_order":0,"comment_status":"closed","ping_status":"closed","template":"","meta":{"site-sidebar-layout":"no-sidebar","site-content-layout":"page-builder","ast-site-content-layout":"full-width-container","site-content-style":"unboxed","site-sidebar-style":"unboxed","ast-global-header-display":"","ast-banner-title-visibility":"","ast-main-header-display":"","ast-hfb-above-header-display":"","ast-hfb-below-header-display":"","ast-hfb-mobile-header-display":"","site-post-title":"disabled","ast-breadcrumbs-content":"","ast-featured-img":"disabled","footer-sml-layout":"","ast-disable-related-posts":"","theme-transparent-header-meta":"enabled","adv-header-id-meta":"","stick-header-meta":"","header-above-stick-meta":"","header-main-stick-meta":"","header-below-stick-meta":"","astra-migrate-meta-layouts":"set","ast-page-background-enabled":"default","ast-page-background-meta":{"desktop":{"background-color":"","background-image":"","background-repeat":"repeat","background-position":"center center","background-size":"auto","background-attachment":"scroll","background-type":"","background-media":"","overlay-type":"","overlay-color":"","overlay-opacity":"","overlay-gradient":""},"tablet":{"background-color":"","background-image":"","background-repeat":"repeat","background-position":"center center","background-size":"auto","background-attachment":"scroll","background-type":"","background-media":"","overlay-type":"","overlay-color":"","overlay-opacity":"","overlay-gradient":""},"mobile":{"background-color":"","background-image":"","background-repeat":"repeat","background-position":"center center","background-size":"auto","background-attachment":"scroll","background-type":"","background-media":"","overlay-type":"","overlay-color":"","overlay-opacity":"","overlay-gradient":""}},"ast-content-background-meta":{"desktop":{"background-color":"var(--ast-global-color-5)","background-image":"","background-repeat":"repeat","background-position":"center center","background-size":"auto","background-attachment":"scroll","background-type":"","background-media":"","overlay-type":"","overlay-color":"","overlay-opacity":"","overlay-gradient":""},"tablet":{"background-color":"var(--ast-global-color-5)","background-image":"","background-repeat":"repeat","background-position":"center center","background-size":"auto","background-attachment":"scroll","background-type":"","background-media":"","overlay-type":"","overlay-color":"","overlay-opacity":"","overlay-gradient":""},"mobile":{"background-color":"var(--ast-global-color-5)","background-image":"","background-repeat":"repeat","background-position":"center center","background-size":"auto","background-attachment":"scroll","background-type":"","background-media":"","overlay-type":"","overlay-color":"","overlay-opacity":"","overlay-gradient":""}},"footnotes":""},"class_list":["post-543","page","type-page","status-publish","hentry"],"_links":{"self":[{"href":"https:\/\/fundacjawzc.pl\/en\/wp-json\/wp\/v2\/pages\/543","targetHints":{"allow":["GET"]}}],"collection":[{"href":"https:\/\/fundacjawzc.pl\/en\/wp-json\/wp\/v2\/pages"}],"about":[{"href":"https:\/\/fundacjawzc.pl\/en\/wp-json\/wp\/v2\/types\/page"}],"author":[{"embeddable":true,"href":"https:\/\/fundacjawzc.pl\/en\/wp-json\/wp\/v2\/users\/1"}],"replies":[{"embeddable":true,"href":"https:\/\/fundacjawzc.pl\/en\/wp-json\/wp\/v2\/comments?post=543"}],"version-history":[{"count":72,"href":"https:\/\/fundacjawzc.pl\/en\/wp-json\/wp\/v2\/pages\/543\/revisions"}],"predecessor-version":[{"id":4018,"href":"https:\/\/fundacjawzc.pl\/en\/wp-json\/wp\/v2\/pages\/543\/revisions\/4018"}],"wp:attachment":[{"href":"https:\/\/fundacjawzc.pl\/en\/wp-json\/wp\/v2\/media?parent=543"}],"curies":[{"name":"wp","href":"https:\/\/api.w.org\/{rel}","templated":true}]}}