{"id":544,"date":"2025-12-09T15:44:22","date_gmt":"2025-12-09T15:44:22","guid":{"rendered":"https:\/\/fundacjawzc.pl\/contact\/"},"modified":"2026-02-24T14:42:12","modified_gmt":"2026-02-24T14:42:12","slug":"ksiazki","status":"publish","type":"page","link":"https:\/\/fundacjawzc.pl\/en\/ksiazki\/","title":{"rendered":"Books under preparation"},"content":{"rendered":"<div data-elementor-type=\"wp-post\" data-elementor-id=\"544\" class=\"elementor elementor-544\">\n\t\t\t\t<div class=\"elementor-element elementor-element-1e6bb73 full-width-section e-flex e-con-boxed e-con e-parent\" data-id=\"1e6bb73\" data-element_type=\"container\" data-e-type=\"container\" id=\"full-width-section\" data-settings=\"{&quot;background_background&quot;:&quot;classic&quot;}\">\n\t\t\t\t\t<div class=\"e-con-inner\">\n\t\t<div class=\"elementor-element elementor-element-2ebda9e e-con-full e-flex e-con e-child\" data-id=\"2ebda9e\" data-element_type=\"container\" data-e-type=\"container\">\n\t\t\t\t<div class=\"elementor-element elementor-element-9874375 elementor-widget elementor-widget-heading\" data-id=\"9874375\" data-element_type=\"widget\" data-e-type=\"widget\" data-widget_type=\"heading.default\">\n\t\t\t\t<div class=\"elementor-widget-container\">\n\t\t\t\t\t<h1 class=\"elementor-heading-title elementor-size-default\">Books under preparation<\/h1>\t\t\t\t<\/div>\n\t\t\t\t<\/div>\n\t\t\t\t<\/div>\n\t\t\t\t\t<\/div>\n\t\t\t\t<\/div>\n\t\t<div class=\"elementor-element elementor-element-3cbd55c e-grid e-con-boxed e-con e-parent\" data-id=\"3cbd55c\" data-element_type=\"container\" data-e-type=\"container\">\n\t\t\t\t\t<div class=\"e-con-inner\">\n\t\t<div class=\"elementor-element elementor-element-b6e02fd e-con-full e-flex e-con e-child\" data-id=\"b6e02fd\" data-element_type=\"container\" data-e-type=\"container\">\n\t\t\t\t<div class=\"elementor-element elementor-element-2183111 elementor-widget elementor-widget-image\" data-id=\"2183111\" data-element_type=\"widget\" data-e-type=\"widget\" data-widget_type=\"image.default\">\n\t\t\t\t<div class=\"elementor-widget-container\">\n\t\t\t\t\t\t\t\t\t\t\t\t\t\t\t\t<a href=\"https:\/\/fundacjawzc.pl\/wp-content\/uploads\/2026\/02\/DEKALOG.pdf\" target=\"_blank\">\n\t\t\t\t\t\t\t<img fetchpriority=\"high\" decoding=\"async\" width=\"683\" height=\"1024\" src=\"https:\/\/fundacjawzc.pl\/wp-content\/uploads\/2026\/02\/dekalog-683x1024.jpg\" class=\"attachment-large size-large wp-image-3299\" alt=\"Ok\u0142adka ksi\u0105\u017cki &#039;Dekalog \u2013 droga \u015bwiadomo\u015bci we wsp\u00f3\u0142czesno\u015bci&#039; autorstwa Adama Szoty\u0144skiego, prezentuj\u0105ca dwa j\u0119zyki jednego do\u015bwiadczenia w kontek\u015bcie tablic z Dekalogiem i g\u00f3rskim krajobrazem\" srcset=\"https:\/\/fundacjawzc.pl\/wp-content\/uploads\/2026\/02\/dekalog-683x1024.jpg 683w, https:\/\/fundacjawzc.pl\/wp-content\/uploads\/2026\/02\/dekalog-200x300.jpg 200w, https:\/\/fundacjawzc.pl\/wp-content\/uploads\/2026\/02\/dekalog-768x1151.jpg 768w, https:\/\/fundacjawzc.pl\/wp-content\/uploads\/2026\/02\/dekalog-8x12.jpg 8w, https:\/\/fundacjawzc.pl\/wp-content\/uploads\/2026\/02\/dekalog.jpg 852w\" sizes=\"(max-width: 683px) 100vw, 683px\" \/>\t\t\t\t\t\t\t\t<\/a>\n\t\t\t\t\t\t\t\t\t\t\t\t\t\t\t<\/div>\n\t\t\t\t<\/div>\n\t\t\t\t<div class=\"elementor-element elementor-element-613360a navy-tekst elementor-widget elementor-widget-button\" data-id=\"613360a\" data-element_type=\"widget\" data-e-type=\"widget\" data-widget_type=\"button.default\">\n\t\t\t\t<div class=\"elementor-widget-container\">\n\t\t\t\t\t\t\t\t\t<div class=\"elementor-button-wrapper\">\n\t\t\t\t\t<a class=\"elementor-button elementor-button-link elementor-size-sm\" href=\"https:\/\/fundacjawzc.pl\/wp-content\/uploads\/2026\/02\/DEKALOG.pdf\" target=\"_blank\">\n\t\t\t\t\t\t<span class=\"elementor-button-content-wrapper\">\n\t\t\t\t\t\t\t\t\t<span class=\"elementor-button-text\">Read more<\/span>\n\t\t\t\t\t<\/span>\n\t\t\t\t\t<\/a>\n\t\t\t\t<\/div>\n\t\t\t\t\t\t\t\t<\/div>\n\t\t\t\t<\/div>\n\t\t\t\t<\/div>\n\t\t<div class=\"elementor-element elementor-element-60e6ca9 e-con-full e-flex e-con e-child\" data-id=\"60e6ca9\" data-element_type=\"container\" data-e-type=\"container\">\n\t\t\t\t<div class=\"elementor-element elementor-element-1e4b1ff elementor-widget elementor-widget-image\" data-id=\"1e4b1ff\" data-element_type=\"widget\" data-e-type=\"widget\" data-widget_type=\"image.default\">\n\t\t\t\t<div class=\"elementor-widget-container\">\n\t\t\t\t\t\t\t\t\t\t\t\t\t\t\t\t<a href=\"https:\/\/fundacjawzc.pl\/en\/artykuly-i-ksiazki\/matrix\/\">\n\t\t\t\t\t\t\t<img decoding=\"async\" width=\"683\" height=\"1024\" src=\"https:\/\/fundacjawzc.pl\/wp-content\/uploads\/2025\/12\/matrix-683x1024.jpg\" class=\"attachment-large size-large wp-image-1947\" alt=\"Ok\u0142adka ksi\u0105\u017cki &#039;W matrixie narcystycznej osobowo\u015bci: Wyj\u015b\u0107 z ciemno\u015bci&#039; \u2014 symboliczna grafika kobiety graj\u0105cej na saksofonie, reprezentuj\u0105ca drog\u0119 do uwolnienia i odzyskania w\u0142asnej to\u017csamo\u015bci\" srcset=\"https:\/\/fundacjawzc.pl\/wp-content\/uploads\/2025\/12\/matrix-683x1024.jpg 683w, https:\/\/fundacjawzc.pl\/wp-content\/uploads\/2025\/12\/matrix-200x300.jpg 200w, https:\/\/fundacjawzc.pl\/wp-content\/uploads\/2025\/12\/matrix-768x1152.jpg 768w, https:\/\/fundacjawzc.pl\/wp-content\/uploads\/2025\/12\/matrix-8x12.jpg 8w, https:\/\/fundacjawzc.pl\/wp-content\/uploads\/2025\/12\/matrix.jpg 1024w\" sizes=\"(max-width: 683px) 100vw, 683px\" \/>\t\t\t\t\t\t\t\t<\/a>\n\t\t\t\t\t\t\t\t\t\t\t\t\t\t\t<\/div>\n\t\t\t\t<\/div>\n\t\t\t\t<div class=\"elementor-element elementor-element-8a92a8b navy-tekst elementor-widget elementor-widget-button\" data-id=\"8a92a8b\" data-element_type=\"widget\" data-e-type=\"widget\" data-widget_type=\"button.default\">\n\t\t\t\t<div class=\"elementor-widget-container\">\n\t\t\t\t\t\t\t\t\t<div class=\"elementor-button-wrapper\">\n\t\t\t\t\t<a class=\"elementor-button elementor-button-link elementor-size-sm\" href=\"https:\/\/fundacjawzc.pl\/en\/artykuly-i-ksiazki\/matrix\/\">\n\t\t\t\t\t\t<span class=\"elementor-button-content-wrapper\">\n\t\t\t\t\t\t\t\t\t<span class=\"elementor-button-text\">Read more<\/span>\n\t\t\t\t\t<\/span>\n\t\t\t\t\t<\/a>\n\t\t\t\t<\/div>\n\t\t\t\t\t\t\t\t<\/div>\n\t\t\t\t<\/div>\n\t\t\t\t<\/div>\n\t\t\t\t\t<\/div>\n\t\t\t\t<\/div>\n\t\t<div class=\"elementor-element elementor-element-aad2966 e-grid e-con-boxed e-con e-parent\" data-id=\"aad2966\" data-element_type=\"container\" data-e-type=\"container\">\n\t\t\t\t\t<div class=\"e-con-inner\">\n\t\t<div class=\"elementor-element elementor-element-8f43fef e-con-full e-flex e-con e-child\" data-id=\"8f43fef\" data-element_type=\"container\" data-e-type=\"container\">\n\t\t\t\t<div class=\"elementor-element elementor-element-e4a4138 elementor-widget elementor-widget-image\" data-id=\"e4a4138\" data-element_type=\"widget\" data-e-type=\"widget\" data-widget_type=\"image.default\">\n\t\t\t\t<div class=\"elementor-widget-container\">\n\t\t\t\t\t\t\t\t\t\t\t\t\t\t\t\t<a href=\"https:\/\/fundacjawzc.pl\/en\/artykuly-i-ksiazki\/cien-ktory-mowi\/\">\n\t\t\t\t\t\t\t<img decoding=\"async\" width=\"683\" height=\"1024\" src=\"https:\/\/fundacjawzc.pl\/wp-content\/uploads\/2025\/12\/cien-ktory-mowi-683x1024.jpg\" class=\"attachment-large size-large wp-image-1946\" alt=\"Ok\u0142adka ksi\u0105\u017cki &#039;Cie\u0144, kt\u00f3ry m\u00f3wi&#039; \u2014 symboliczna, nasycona emocjami sylwetka m\u0119\u017cczyzny w cieniu, reprezentuj\u0105ca g\u0142\u0119bok\u0105 introspekcj\u0119 i psychologiczn\u0105 podr\u00f3\u017c w \u015bwiat wewn\u0119trznych g\u0142os\u00f3w i nie\u015bwiadomo\u015bci\" srcset=\"https:\/\/fundacjawzc.pl\/wp-content\/uploads\/2025\/12\/cien-ktory-mowi-683x1024.jpg 683w, https:\/\/fundacjawzc.pl\/wp-content\/uploads\/2025\/12\/cien-ktory-mowi-200x300.jpg 200w, https:\/\/fundacjawzc.pl\/wp-content\/uploads\/2025\/12\/cien-ktory-mowi-768x1152.jpg 768w, https:\/\/fundacjawzc.pl\/wp-content\/uploads\/2025\/12\/cien-ktory-mowi-8x12.jpg 8w, https:\/\/fundacjawzc.pl\/wp-content\/uploads\/2025\/12\/cien-ktory-mowi.jpg 1024w\" sizes=\"(max-width: 683px) 100vw, 683px\" \/>\t\t\t\t\t\t\t\t<\/a>\n\t\t\t\t\t\t\t\t\t\t\t\t\t\t\t<\/div>\n\t\t\t\t<\/div>\n\t\t\t\t<div class=\"elementor-element elementor-element-f7b7923 navy-tekst elementor-widget elementor-widget-button\" data-id=\"f7b7923\" data-element_type=\"widget\" data-e-type=\"widget\" data-widget_type=\"button.default\">\n\t\t\t\t<div class=\"elementor-widget-container\">\n\t\t\t\t\t\t\t\t\t<div class=\"elementor-button-wrapper\">\n\t\t\t\t\t<a class=\"elementor-button elementor-button-link elementor-size-sm\" href=\"https:\/\/fundacjawzc.pl\/en\/artykuly-i-ksiazki\/cien-ktory-mowi\/\">\n\t\t\t\t\t\t<span class=\"elementor-button-content-wrapper\">\n\t\t\t\t\t\t\t\t\t<span class=\"elementor-button-text\">Read more<\/span>\n\t\t\t\t\t<\/span>\n\t\t\t\t\t<\/a>\n\t\t\t\t<\/div>\n\t\t\t\t\t\t\t\t<\/div>\n\t\t\t\t<\/div>\n\t\t\t\t<\/div>\n\t\t<div class=\"elementor-element elementor-element-d5c0fbd e-con-full e-flex e-con e-child\" data-id=\"d5c0fbd\" data-element_type=\"container\" data-e-type=\"container\">\n\t\t\t\t<div class=\"elementor-element elementor-element-f25a6bf elementor-widget elementor-widget-image\" data-id=\"f25a6bf\" data-element_type=\"widget\" data-e-type=\"widget\" data-widget_type=\"image.default\">\n\t\t\t\t<div class=\"elementor-widget-container\">\n\t\t\t\t\t\t\t\t\t\t\t\t\t\t\t\t<a href=\"https:\/\/fundacjawzc.pl\/en\/artykuly-i-ksiazki\/wyjscie-z-ciemnosci\/\">\n\t\t\t\t\t\t\t<img loading=\"lazy\" decoding=\"async\" width=\"683\" height=\"1024\" src=\"https:\/\/fundacjawzc.pl\/wp-content\/uploads\/2025\/12\/wyjscie-z-ciemnosci-683x1024.jpg\" class=\"attachment-large size-large wp-image-1945\" alt=\"Ok\u0142adka ksi\u0105\u017cki &#039;Wyj\u015bcie z ciemno\u015bci&#039; \u2014 symboliczna sylwetka m\u0119\u017cczyzny stoj\u0105cego w otwartych drzwiach, z kt\u00f3rych wydobywa si\u0119 \u015bwiat\u0142o, reprezentuj\u0105ca nadziej\u0119, przemian\u0119 i drog\u0119 do wewn\u0119trznej wolno\u015bci\" srcset=\"https:\/\/fundacjawzc.pl\/wp-content\/uploads\/2025\/12\/wyjscie-z-ciemnosci-683x1024.jpg 683w, https:\/\/fundacjawzc.pl\/wp-content\/uploads\/2025\/12\/wyjscie-z-ciemnosci-200x300.jpg 200w, https:\/\/fundacjawzc.pl\/wp-content\/uploads\/2025\/12\/wyjscie-z-ciemnosci-768x1152.jpg 768w, https:\/\/fundacjawzc.pl\/wp-content\/uploads\/2025\/12\/wyjscie-z-ciemnosci-8x12.jpg 8w, https:\/\/fundacjawzc.pl\/wp-content\/uploads\/2025\/12\/wyjscie-z-ciemnosci.jpg 1024w\" sizes=\"(max-width: 683px) 100vw, 683px\" \/>\t\t\t\t\t\t\t\t<\/a>\n\t\t\t\t\t\t\t\t\t\t\t\t\t\t\t<\/div>\n\t\t\t\t<\/div>\n\t\t\t\t<div class=\"elementor-element elementor-element-4340de7 navy-tekst elementor-widget elementor-widget-button\" data-id=\"4340de7\" data-element_type=\"widget\" data-e-type=\"widget\" data-widget_type=\"button.default\">\n\t\t\t\t<div class=\"elementor-widget-container\">\n\t\t\t\t\t\t\t\t\t<div class=\"elementor-button-wrapper\">\n\t\t\t\t\t<a class=\"elementor-button elementor-button-link elementor-size-sm\" href=\"https:\/\/fundacjawzc.pl\/en\/artykuly-i-ksiazki\/wyjscie-z-ciemnosci\/\">\n\t\t\t\t\t\t<span class=\"elementor-button-content-wrapper\">\n\t\t\t\t\t\t\t\t\t<span class=\"elementor-button-text\">Read more<\/span>\n\t\t\t\t\t<\/span>\n\t\t\t\t\t<\/a>\n\t\t\t\t<\/div>\n\t\t\t\t\t\t\t\t<\/div>\n\t\t\t\t<\/div>\n\t\t\t\t<\/div>\n\t\t\t\t\t<\/div>\n\t\t\t\t<\/div>\n\t\t<div class=\"elementor-element elementor-element-18c3457 e-grid e-con-boxed e-con e-parent\" data-id=\"18c3457\" data-element_type=\"container\" data-e-type=\"container\">\n\t\t\t\t\t<div class=\"e-con-inner\">\n\t\t<div class=\"elementor-element elementor-element-b6a5f50 e-con-full e-flex e-con e-child\" data-id=\"b6a5f50\" data-element_type=\"container\" data-e-type=\"container\">\n\t\t\t\t<div class=\"elementor-element elementor-element-9eeaa90 elementor-widget elementor-widget-image\" data-id=\"9eeaa90\" data-element_type=\"widget\" data-e-type=\"widget\" data-widget_type=\"image.default\">\n\t\t\t\t<div class=\"elementor-widget-container\">\n\t\t\t\t\t\t\t\t\t\t\t\t\t\t\t\t<a href=\"https:\/\/fundacjawzc.pl\/en\/artykuly-i-ksiazki\/ojciec-pio-i-jung\/\">\n\t\t\t\t\t\t\t<img loading=\"lazy\" decoding=\"async\" width=\"683\" height=\"1024\" src=\"https:\/\/fundacjawzc.pl\/wp-content\/uploads\/2025\/12\/jeden-swiat-dwa-rozne-alfabety-683x1024.jpg\" class=\"attachment-large size-large wp-image-1948\" alt=\"Ok\u0142adka ksi\u0105\u017cki &#039;Ojciec Pio i Carl Jung: Jeden \u015bwiat, dwa r\u00f3\u017cne alfabety&#039; \u2014 portret dw\u00f3ch wybitnych postaci, symbolizuj\u0105cy dialog mi\u0119dzy duchowo\u015bci\u0105 a psychologi\u0105 g\u0142\u0119bi\" srcset=\"https:\/\/fundacjawzc.pl\/wp-content\/uploads\/2025\/12\/jeden-swiat-dwa-rozne-alfabety-683x1024.jpg 683w, https:\/\/fundacjawzc.pl\/wp-content\/uploads\/2025\/12\/jeden-swiat-dwa-rozne-alfabety-200x300.jpg 200w, https:\/\/fundacjawzc.pl\/wp-content\/uploads\/2025\/12\/jeden-swiat-dwa-rozne-alfabety-768x1152.jpg 768w, https:\/\/fundacjawzc.pl\/wp-content\/uploads\/2025\/12\/jeden-swiat-dwa-rozne-alfabety-8x12.jpg 8w, https:\/\/fundacjawzc.pl\/wp-content\/uploads\/2025\/12\/jeden-swiat-dwa-rozne-alfabety.jpg 1024w\" sizes=\"(max-width: 683px) 100vw, 683px\" \/>\t\t\t\t\t\t\t\t<\/a>\n\t\t\t\t\t\t\t\t\t\t\t\t\t\t\t<\/div>\n\t\t\t\t<\/div>\n\t\t\t\t<div class=\"elementor-element elementor-element-1428876 navy-tekst elementor-widget elementor-widget-button\" data-id=\"1428876\" data-element_type=\"widget\" data-e-type=\"widget\" data-widget_type=\"button.default\">\n\t\t\t\t<div class=\"elementor-widget-container\">\n\t\t\t\t\t\t\t\t\t<div class=\"elementor-button-wrapper\">\n\t\t\t\t\t<a class=\"elementor-button elementor-button-link elementor-size-sm\" href=\"https:\/\/fundacjawzc.pl\/en\/artykuly-i-ksiazki\/ojciec-pio-i-jung\/\">\n\t\t\t\t\t\t<span class=\"elementor-button-content-wrapper\">\n\t\t\t\t\t\t\t\t\t<span class=\"elementor-button-text\">Read more<\/span>\n\t\t\t\t\t<\/span>\n\t\t\t\t\t<\/a>\n\t\t\t\t<\/div>\n\t\t\t\t\t\t\t\t<\/div>\n\t\t\t\t<\/div>\n\t\t\t\t<\/div>\n\t\t\t\t\t<\/div>\n\t\t\t\t<\/div>\n\t\t\t\t<\/div>","protected":false},"excerpt":{"rendered":"<p>Ksi\u0105\u017cki w opracowaniu Czytaj wi\u0119cej Czytaj wi\u0119cej Czytaj wi\u0119cej Czytaj wi\u0119cej Czytaj wi\u0119cej<\/p>","protected":false},"author":1,"featured_media":0,"parent":0,"menu_order":0,"comment_status":"closed","ping_status":"closed","template":"","meta":{"site-sidebar-layout":"no-sidebar","site-content-layout":"page-builder","ast-site-content-layout":"full-width-container","site-content-style":"unboxed","site-sidebar-style":"unboxed","ast-global-header-display":"","ast-banner-title-visibility":"","ast-main-header-display":"","ast-hfb-above-header-display":"","ast-hfb-below-header-display":"","ast-hfb-mobile-header-display":"","site-post-title":"disabled","ast-breadcrumbs-content":"","ast-featured-img":"disabled","footer-sml-layout":"","ast-disable-related-posts":"","theme-transparent-header-meta":"enabled","adv-header-id-meta":"","stick-header-meta":"","header-above-stick-meta":"","header-main-stick-meta":"","header-below-stick-meta":"","astra-migrate-meta-layouts":"set","ast-page-background-enabled":"default","ast-page-background-meta":{"desktop":{"background-color":"","background-image":"","background-repeat":"repeat","background-position":"center center","background-size":"auto","background-attachment":"scroll","background-type":"","background-media":"","overlay-type":"","overlay-color":"","overlay-opacity":"","overlay-gradient":""},"tablet":{"background-color":"","background-image":"","background-repeat":"repeat","background-position":"center center","background-size":"auto","background-attachment":"scroll","background-type":"","background-media":"","overlay-type":"","overlay-color":"","overlay-opacity":"","overlay-gradient":""},"mobile":{"background-color":"","background-image":"","background-repeat":"repeat","background-position":"center center","background-size":"auto","background-attachment":"scroll","background-type":"","background-media":"","overlay-type":"","overlay-color":"","overlay-opacity":"","overlay-gradient":""}},"ast-content-background-meta":{"desktop":{"background-color":"var(--ast-global-color-5)","background-image":"","background-repeat":"repeat","background-position":"center center","background-size":"auto","background-attachment":"scroll","background-type":"","background-media":"","overlay-type":"","overlay-color":"","overlay-opacity":"","overlay-gradient":""},"tablet":{"background-color":"var(--ast-global-color-5)","background-image":"","background-repeat":"repeat","background-position":"center center","background-size":"auto","background-attachment":"scroll","background-type":"","background-media":"","overlay-type":"","overlay-color":"","overlay-opacity":"","overlay-gradient":""},"mobile":{"background-color":"var(--ast-global-color-5)","background-image":"","background-repeat":"repeat","background-position":"center center","background-size":"auto","background-attachment":"scroll","background-type":"","background-media":"","overlay-type":"","overlay-color":"","overlay-opacity":"","overlay-gradient":""}},"footnotes":""},"class_list":["post-544","page","type-page","status-publish","hentry"],"_links":{"self":[{"href":"https:\/\/fundacjawzc.pl\/en\/wp-json\/wp\/v2\/pages\/544","targetHints":{"allow":["GET"]}}],"collection":[{"href":"https:\/\/fundacjawzc.pl\/en\/wp-json\/wp\/v2\/pages"}],"about":[{"href":"https:\/\/fundacjawzc.pl\/en\/wp-json\/wp\/v2\/types\/page"}],"author":[{"embeddable":true,"href":"https:\/\/fundacjawzc.pl\/en\/wp-json\/wp\/v2\/users\/1"}],"replies":[{"embeddable":true,"href":"https:\/\/fundacjawzc.pl\/en\/wp-json\/wp\/v2\/comments?post=544"}],"version-history":[{"count":54,"href":"https:\/\/fundacjawzc.pl\/en\/wp-json\/wp\/v2\/pages\/544\/revisions"}],"predecessor-version":[{"id":3413,"href":"https:\/\/fundacjawzc.pl\/en\/wp-json\/wp\/v2\/pages\/544\/revisions\/3413"}],"wp:attachment":[{"href":"https:\/\/fundacjawzc.pl\/en\/wp-json\/wp\/v2\/media?parent=544"}],"curies":[{"name":"wp","href":"https:\/\/api.w.org\/{rel}","templated":true}]}}